{"id":464,"date":"2019-01-22T22:01:56","date_gmt":"2019-01-23T02:01:56","guid":{"rendered":"https:\/\/pwdpr.com\/?post_type=product&#038;p=464"},"modified":"2026-04-14T16:07:12","modified_gmt":"2026-04-14T20:07:12","slug":"evaluacion-de-curriculo-vita","status":"publish","type":"product","link":"https:\/\/pwdpr.com\/en\/product\/evaluacion-de-curriculo-vita","title":{"rendered":"Curriculum Vitae Evaluation"},"content":{"rendered":"<h5>Value<\/h5>\n<p>Identify content and formatting shortcomings in order to present a competitive and neat curriculum vitae.<\/p>\n<h5>Cost<\/h5>\n<p>The $31.00 curriculum vitae evaluation applies to documents of up to 3 pages, using font 11pt or larger, side margins no smaller than .9 and top\/bottom margins no smaller than .5. If your CV is longer, additional costs apply and I\u2019ll be happy to discuss them with you.<\/p>\n<h5>Disclaimer<\/h5>\n<p>We reserve the right to cancel orders where clients request editing of content without appropriate intellectual property permission or when they submit content generated by online translators (ex. Google Translate). Please note that I do not perform proofreading in Spanish only in English.<\/p>\n<h5>Order<\/h5>\n<p>Read the <a href=\"https:\/\/pwdpr.com\/wp-content\/uploads\/2019\/03\/CV-Checklist-Bilingual.pdf\">evaluation sheet<\/a> to become familiar with my evaluation. Send your r\u00e9sum\u00e9 in English (if you wish to enjoy my proofreading) and editable format zaira.pwdpr@gmail.com<\/p>","protected":false},"excerpt":{"rendered":"<p><span>Evaluate whether the curriculum vitae is complete and its grammar is accurate.<\/span><\/p>","protected":false},"featured_media":543,"comment_status":"open","ping_status":"closed","template":"","meta":[],"product_brand":[],"product_cat":[53,58,54,59],"product_tag":[33,41,42,31,36,43,44,45],"class_list":{"0":"post-464","1":"product","2":"type-product","3":"status-publish","4":"has-post-thumbnail","6":"product_cat-academico","7":"product_cat-estudiante-graduado","8":"product_cat-profesor","9":"product_cat-universitario","10":"product_tag-curriculo","11":"product_tag-curriculo-vita","12":"product_tag-curriculo-vitae","13":"product_tag-cv","14":"product_tag-edicion","15":"product_tag-evaluacion","16":"product_tag-profesor","17":"product_tag-universitario","19":"first","20":"instock","21":"sold-individually","22":"shipping-taxable","23":"purchasable","24":"product-type-simple"},"yoast_head":"<!-- This site is optimized with the Yoast SEO plugin v26.6 - https:\/\/yoast.com\/wordpress\/plugins\/seo\/ -->\n<title>Evaluaci\u00f3n de Curr\u00edculo Vita - Professional Writing and Development<\/title>\n<meta name=\"robots\" content=\"index, follow, max-snippet:-1, max-image-preview:large, max-video-preview:-1\" \/>\n<link rel=\"canonical\" href=\"https:\/\/pwdpr.com\/en\/product\/evaluacion-de-curriculo-vita\/\" \/>\n<meta property=\"og:locale\" content=\"en_US\" \/>\n<meta property=\"og:type\" content=\"article\" \/>\n<meta property=\"og:title\" content=\"Evaluaci\u00f3n de Curr\u00edculo Vita - Professional Writing and Development\" \/>\n<meta property=\"og:description\" content=\"Evaluar si el curr\u00edculo vita est\u00e1 completo y si su ortograf\u00eda es correcta.\" \/>\n<meta property=\"og:url\" content=\"https:\/\/pwdpr.com\/en\/product\/evaluacion-de-curriculo-vita\/\" \/>\n<meta property=\"og:site_name\" content=\"Professional Writing and Development\" \/>\n<meta property=\"article:publisher\" content=\"https:\/\/www.facebook.com\/drzairarvelo\" \/>\n<meta property=\"article:modified_time\" content=\"2026-04-14T20:07:12+00:00\" \/>\n<meta property=\"og:image\" content=\"https:\/\/pwdpr.com\/wp-content\/uploads\/2019\/01\/product-tiles-19.jpg\" \/>\n\t<meta property=\"og:image:width\" content=\"1920\" \/>\n\t<meta property=\"og:image:height\" content=\"1920\" \/>\n\t<meta property=\"og:image:type\" content=\"image\/jpeg\" \/>\n<meta name=\"twitter:card\" content=\"summary_large_image\" \/>\n<meta name=\"twitter:site\" content=\"@drzairarvelo\" \/>\n<meta name=\"twitter:label1\" content=\"Est. reading time\" \/>\n\t<meta name=\"twitter:data1\" content=\"1 minute\" \/>\n<script type=\"application\/ld+json\" class=\"yoast-schema-graph\">{\"@context\":\"https:\/\/schema.org\",\"@graph\":[{\"@type\":\"WebPage\",\"@id\":\"https:\/\/pwdpr.com\/product\/evaluacion-de-curriculo-vita\",\"url\":\"https:\/\/pwdpr.com\/product\/evaluacion-de-curriculo-vita\",\"name\":\"Evaluaci\u00f3n de Curr\u00edculo Vita - Professional Writing and Development\",\"isPartOf\":{\"@id\":\"https:\/\/pwdpr.com\/en\/#website\"},\"primaryImageOfPage\":{\"@id\":\"https:\/\/pwdpr.com\/product\/evaluacion-de-curriculo-vita#primaryimage\"},\"image\":{\"@id\":\"https:\/\/pwdpr.com\/product\/evaluacion-de-curriculo-vita#primaryimage\"},\"thumbnailUrl\":\"https:\/\/pwdpr.com\/wp-content\/uploads\/2019\/01\/product-tiles-19.jpg\",\"datePublished\":\"2019-01-23T02:01:56+00:00\",\"dateModified\":\"2026-04-14T20:07:12+00:00\",\"breadcrumb\":{\"@id\":\"https:\/\/pwdpr.com\/product\/evaluacion-de-curriculo-vita#breadcrumb\"},\"inLanguage\":\"en-US\",\"potentialAction\":[{\"@type\":\"ReadAction\",\"target\":[\"https:\/\/pwdpr.com\/product\/evaluacion-de-curriculo-vita\"]}]},{\"@type\":\"ImageObject\",\"inLanguage\":\"en-US\",\"@id\":\"https:\/\/pwdpr.com\/product\/evaluacion-de-curriculo-vita#primaryimage\",\"url\":\"https:\/\/pwdpr.com\/wp-content\/uploads\/2019\/01\/product-tiles-19.jpg\",\"contentUrl\":\"https:\/\/pwdpr.com\/wp-content\/uploads\/2019\/01\/product-tiles-19.jpg\",\"width\":1920,\"height\":1920},{\"@type\":\"BreadcrumbList\",\"@id\":\"https:\/\/pwdpr.com\/product\/evaluacion-de-curriculo-vita#breadcrumb\",\"itemListElement\":[{\"@type\":\"ListItem\",\"position\":1,\"name\":\"Home\",\"item\":\"https:\/\/pwdpr.com\/\"},{\"@type\":\"ListItem\",\"position\":2,\"name\":\"Tienda\",\"item\":\"https:\/\/pwdpr.com\/en\/shop\"},{\"@type\":\"ListItem\",\"position\":3,\"name\":\"Evaluaci\u00f3n de Curr\u00edculo Vita\"}]},{\"@type\":\"WebSite\",\"@id\":\"https:\/\/pwdpr.com\/en\/#website\",\"url\":\"https:\/\/pwdpr.com\/en\/\",\"name\":\"Professional Writing & Development\",\"description\":\"\",\"publisher\":{\"@id\":\"https:\/\/pwdpr.com\/en\/#organization\"},\"potentialAction\":[{\"@type\":\"SearchAction\",\"target\":{\"@type\":\"EntryPoint\",\"urlTemplate\":\"https:\/\/pwdpr.com\/en\/?s={search_term_string}\"},\"query-input\":{\"@type\":\"PropertyValueSpecification\",\"valueRequired\":true,\"valueName\":\"search_term_string\"}}],\"inLanguage\":\"en-US\"},{\"@type\":\"Organization\",\"@id\":\"https:\/\/pwdpr.com\/en\/#organization\",\"name\":\"Professional Writing and Development\",\"url\":\"https:\/\/pwdpr.com\/en\/\",\"logo\":{\"@type\":\"ImageObject\",\"inLanguage\":\"en-US\",\"@id\":\"https:\/\/pwdpr.com\/en\/#\/schema\/logo\/image\/\",\"url\":\"https:\/\/pwdpr.com\/wp-content\/uploads\/2020\/03\/Muestra-Puente-Narranjito-2-Complete.png\",\"contentUrl\":\"https:\/\/pwdpr.com\/wp-content\/uploads\/2020\/03\/Muestra-Puente-Narranjito-2-Complete.png\",\"width\":709,\"height\":539,\"caption\":\"Professional Writing and Development\"},\"image\":{\"@id\":\"https:\/\/pwdpr.com\/en\/#\/schema\/logo\/image\/\"},\"sameAs\":[\"https:\/\/www.facebook.com\/drzairarvelo\",\"https:\/\/x.com\/drzairarvelo\",\"https:\/\/www.instagram.com\/pwdpr\",\"https:\/\/www.linkedin.com\/in\/zairaarvelo\/\",\"https:\/\/www.youtube.com\/pwdpr\"]}]}<\/script>\n<!-- \/ Yoast SEO plugin. -->","yoast_head_json":{"title":"Evaluaci\u00f3n de Curr\u00edculo Vita - Professional Writing and Development","robots":{"index":"index","follow":"follow","max-snippet":"max-snippet:-1","max-image-preview":"max-image-preview:large","max-video-preview":"max-video-preview:-1"},"canonical":"https:\/\/pwdpr.com\/en\/product\/evaluacion-de-curriculo-vita\/","og_locale":"en_US","og_type":"article","og_title":"Evaluaci\u00f3n de Curr\u00edculo Vita - Professional Writing and Development","og_description":"Evaluar si el curr\u00edculo vita est\u00e1 completo y si su ortograf\u00eda es correcta.","og_url":"https:\/\/pwdpr.com\/en\/product\/evaluacion-de-curriculo-vita\/","og_site_name":"Professional Writing and Development","article_publisher":"https:\/\/www.facebook.com\/drzairarvelo","article_modified_time":"2026-04-14T20:07:12+00:00","og_image":[{"width":1920,"height":1920,"url":"https:\/\/pwdpr.com\/wp-content\/uploads\/2019\/01\/product-tiles-19.jpg","type":"image\/jpeg"}],"twitter_card":"summary_large_image","twitter_site":"@drzairarvelo","twitter_misc":{"Est. reading time":"1 minute"},"schema":{"@context":"https:\/\/schema.org","@graph":[{"@type":"WebPage","@id":"https:\/\/pwdpr.com\/product\/evaluacion-de-curriculo-vita","url":"https:\/\/pwdpr.com\/product\/evaluacion-de-curriculo-vita","name":"Evaluaci\u00f3n de Curr\u00edculo Vita - Professional Writing and Development","isPartOf":{"@id":"https:\/\/pwdpr.com\/en\/#website"},"primaryImageOfPage":{"@id":"https:\/\/pwdpr.com\/product\/evaluacion-de-curriculo-vita#primaryimage"},"image":{"@id":"https:\/\/pwdpr.com\/product\/evaluacion-de-curriculo-vita#primaryimage"},"thumbnailUrl":"https:\/\/pwdpr.com\/wp-content\/uploads\/2019\/01\/product-tiles-19.jpg","datePublished":"2019-01-23T02:01:56+00:00","dateModified":"2026-04-14T20:07:12+00:00","breadcrumb":{"@id":"https:\/\/pwdpr.com\/product\/evaluacion-de-curriculo-vita#breadcrumb"},"inLanguage":"en-US","potentialAction":[{"@type":"ReadAction","target":["https:\/\/pwdpr.com\/product\/evaluacion-de-curriculo-vita"]}]},{"@type":"ImageObject","inLanguage":"en-US","@id":"https:\/\/pwdpr.com\/product\/evaluacion-de-curriculo-vita#primaryimage","url":"https:\/\/pwdpr.com\/wp-content\/uploads\/2019\/01\/product-tiles-19.jpg","contentUrl":"https:\/\/pwdpr.com\/wp-content\/uploads\/2019\/01\/product-tiles-19.jpg","width":1920,"height":1920},{"@type":"BreadcrumbList","@id":"https:\/\/pwdpr.com\/product\/evaluacion-de-curriculo-vita#breadcrumb","itemListElement":[{"@type":"ListItem","position":1,"name":"Home","item":"https:\/\/pwdpr.com\/"},{"@type":"ListItem","position":2,"name":"Tienda","item":"https:\/\/pwdpr.com\/en\/shop"},{"@type":"ListItem","position":3,"name":"Evaluaci\u00f3n de Curr\u00edculo Vita"}]},{"@type":"WebSite","@id":"https:\/\/pwdpr.com\/en\/#website","url":"https:\/\/pwdpr.com\/en\/","name":"Professional Writing & Development","description":"","publisher":{"@id":"https:\/\/pwdpr.com\/en\/#organization"},"potentialAction":[{"@type":"SearchAction","target":{"@type":"EntryPoint","urlTemplate":"https:\/\/pwdpr.com\/en\/?s={search_term_string}"},"query-input":{"@type":"PropertyValueSpecification","valueRequired":true,"valueName":"search_term_string"}}],"inLanguage":"en-US"},{"@type":"Organization","@id":"https:\/\/pwdpr.com\/en\/#organization","name":"Professional Writing and Development","url":"https:\/\/pwdpr.com\/en\/","logo":{"@type":"ImageObject","inLanguage":"en-US","@id":"https:\/\/pwdpr.com\/en\/#\/schema\/logo\/image\/","url":"https:\/\/pwdpr.com\/wp-content\/uploads\/2020\/03\/Muestra-Puente-Narranjito-2-Complete.png","contentUrl":"https:\/\/pwdpr.com\/wp-content\/uploads\/2020\/03\/Muestra-Puente-Narranjito-2-Complete.png","width":709,"height":539,"caption":"Professional Writing and Development"},"image":{"@id":"https:\/\/pwdpr.com\/en\/#\/schema\/logo\/image\/"},"sameAs":["https:\/\/www.facebook.com\/drzairarvelo","https:\/\/x.com\/drzairarvelo","https:\/\/www.instagram.com\/pwdpr","https:\/\/www.linkedin.com\/in\/zairaarvelo\/","https:\/\/www.youtube.com\/pwdpr"]}]}},"_links":{"self":[{"href":"https:\/\/pwdpr.com\/en\/wp-json\/wp\/v2\/product\/464","targetHints":{"allow":["GET"]}}],"collection":[{"href":"https:\/\/pwdpr.com\/en\/wp-json\/wp\/v2\/product"}],"about":[{"href":"https:\/\/pwdpr.com\/en\/wp-json\/wp\/v2\/types\/product"}],"replies":[{"embeddable":true,"href":"https:\/\/pwdpr.com\/en\/wp-json\/wp\/v2\/comments?post=464"}],"wp:featuredmedia":[{"embeddable":true,"href":"https:\/\/pwdpr.com\/en\/wp-json\/wp\/v2\/media\/543"}],"wp:attachment":[{"href":"https:\/\/pwdpr.com\/en\/wp-json\/wp\/v2\/media?parent=464"}],"wp:term":[{"taxonomy":"product_brand","embeddable":true,"href":"https:\/\/pwdpr.com\/en\/wp-json\/wp\/v2\/product_brand?post=464"},{"taxonomy":"product_cat","embeddable":true,"href":"https:\/\/pwdpr.com\/en\/wp-json\/wp\/v2\/product_cat?post=464"},{"taxonomy":"product_tag","embeddable":true,"href":"https:\/\/pwdpr.com\/en\/wp-json\/wp\/v2\/product_tag?post=464"}],"curies":[{"name":"wp","href":"https:\/\/api.w.org\/{rel}","templated":true}]}}