{"id":463,"date":"2019-01-22T22:29:57","date_gmt":"2019-01-23T02:29:57","guid":{"rendered":"https:\/\/pwdpr.com\/?post_type=product&#038;p=463"},"modified":"2022-02-14T16:01:09","modified_gmt":"2022-02-14T20:01:09","slug":"evaluacion-de-resume","status":"publish","type":"product","link":"https:\/\/pwdpr.com\/en\/product\/evaluacion-de-resume","title":{"rendered":"R\u00e9sum\u00e9 Evaluation"},"content":{"rendered":"<h5>Value<\/h5>\n<p>Identify shortcomings to achieve a competitive and neat r\u00e9sum\u00e9.<\/p>\n<h5>Cost<\/h5>\n<p>The $26.00 r\u00e9sum\u00e9 evaluation service includes the evaluation of a r\u00e9sum\u00e9 of upto 2 pages in length, font 11pt or larger, and margins not narrower than .9 at the sides and .5 at the top and bottom. Longer r\u00e9sum\u00e9s will require additional costs per hour, which I can discuss with you.<\/p>\n<h5>Disclaimer<\/h5>\n<p>We reserve the right to cancel orders where clients request editing of content without appropriate intellectual property permission or when they submit content generated by online translators (ex. Google Translate). Please note that I do not perform proofreading in Spanish only in English.<\/p>\n<h5>Order<\/h5>\n<p>Read the evaluation sheet\u00a0<a href=\"https:\/\/pwdpr.com\/en\/?attachment_id=546\" rel=\"attachment wp-att-546\">Resume-Checklist-Bilingual<\/a> to become familiar with my evaluation. Send your r\u00e9sum\u00e9 in English (if you wish to enjoy my proofreading) and editable format <span>zaira.pwdpr@gmail.com<\/span><\/p>","protected":false},"excerpt":{"rendered":"<p><span>Evaluate whether the r\u00e9sum\u00e9 is complete and its grammar is accurate.<\/span><\/p>","protected":false},"featured_media":547,"comment_status":"open","ping_status":"closed","template":"","meta":[],"product_brand":[],"product_cat":[60,59],"product_tag":[36,43,46],"class_list":{"0":"post-463","1":"product","2":"type-product","3":"status-publish","4":"has-post-thumbnail","6":"product_cat-profesional","7":"product_cat-universitario","8":"product_tag-edicion","9":"product_tag-evaluacion","10":"product_tag-resume","12":"first","13":"outofstock","14":"sold-individually","15":"shipping-taxable","16":"purchasable","17":"product-type-simple"},"yoast_head":"<!-- This site is optimized with the Yoast SEO plugin v26.6 - https:\/\/yoast.com\/wordpress\/plugins\/seo\/ -->\n<title>Evaluaci\u00f3n de R\u00e9sum\u00e9 - Professional Writing and Development<\/title>\n<meta name=\"robots\" content=\"index, follow, max-snippet:-1, max-image-preview:large, max-video-preview:-1\" \/>\n<link rel=\"canonical\" href=\"https:\/\/pwdpr.com\/en\/product\/evaluacion-de-resume\/\" \/>\n<meta property=\"og:locale\" content=\"en_US\" \/>\n<meta property=\"og:type\" content=\"article\" \/>\n<meta property=\"og:title\" content=\"Evaluaci\u00f3n de R\u00e9sum\u00e9 - Professional Writing and Development\" \/>\n<meta property=\"og:description\" content=\"Evaluar si el r\u00e9sum\u00e9 est\u00e1 completo y su ortograf\u00eda correcta.\" \/>\n<meta property=\"og:url\" content=\"https:\/\/pwdpr.com\/en\/product\/evaluacion-de-resume\/\" \/>\n<meta property=\"og:site_name\" content=\"Professional Writing and Development\" \/>\n<meta property=\"article:publisher\" content=\"https:\/\/www.facebook.com\/drzairarvelo\" \/>\n<meta property=\"article:modified_time\" content=\"2022-02-14T20:01:09+00:00\" \/>\n<meta property=\"og:image\" content=\"https:\/\/pwdpr.com\/wp-content\/uploads\/2019\/01\/product-tiles-20.jpg\" \/>\n\t<meta property=\"og:image:width\" content=\"1920\" \/>\n\t<meta property=\"og:image:height\" content=\"1920\" \/>\n\t<meta property=\"og:image:type\" content=\"image\/jpeg\" \/>\n<meta name=\"twitter:card\" content=\"summary_large_image\" \/>\n<meta name=\"twitter:site\" content=\"@drzairarvelo\" \/>\n<meta name=\"twitter:label1\" content=\"Est. reading time\" \/>\n\t<meta name=\"twitter:data1\" content=\"1 minute\" \/>\n<script type=\"application\/ld+json\" class=\"yoast-schema-graph\">{\"@context\":\"https:\/\/schema.org\",\"@graph\":[{\"@type\":\"WebPage\",\"@id\":\"https:\/\/pwdpr.com\/product\/evaluacion-de-resume\",\"url\":\"https:\/\/pwdpr.com\/product\/evaluacion-de-resume\",\"name\":\"Evaluaci\u00f3n de R\u00e9sum\u00e9 - Professional Writing and Development\",\"isPartOf\":{\"@id\":\"https:\/\/pwdpr.com\/en\/#website\"},\"primaryImageOfPage\":{\"@id\":\"https:\/\/pwdpr.com\/product\/evaluacion-de-resume#primaryimage\"},\"image\":{\"@id\":\"https:\/\/pwdpr.com\/product\/evaluacion-de-resume#primaryimage\"},\"thumbnailUrl\":\"https:\/\/pwdpr.com\/wp-content\/uploads\/2019\/01\/product-tiles-20.jpg\",\"datePublished\":\"2019-01-23T02:29:57+00:00\",\"dateModified\":\"2022-02-14T20:01:09+00:00\",\"breadcrumb\":{\"@id\":\"https:\/\/pwdpr.com\/product\/evaluacion-de-resume#breadcrumb\"},\"inLanguage\":\"en-US\",\"potentialAction\":[{\"@type\":\"ReadAction\",\"target\":[\"https:\/\/pwdpr.com\/product\/evaluacion-de-resume\"]}]},{\"@type\":\"ImageObject\",\"inLanguage\":\"en-US\",\"@id\":\"https:\/\/pwdpr.com\/product\/evaluacion-de-resume#primaryimage\",\"url\":\"https:\/\/pwdpr.com\/wp-content\/uploads\/2019\/01\/product-tiles-20.jpg\",\"contentUrl\":\"https:\/\/pwdpr.com\/wp-content\/uploads\/2019\/01\/product-tiles-20.jpg\",\"width\":1920,\"height\":1920},{\"@type\":\"BreadcrumbList\",\"@id\":\"https:\/\/pwdpr.com\/product\/evaluacion-de-resume#breadcrumb\",\"itemListElement\":[{\"@type\":\"ListItem\",\"position\":1,\"name\":\"Home\",\"item\":\"https:\/\/pwdpr.com\/\"},{\"@type\":\"ListItem\",\"position\":2,\"name\":\"Tienda\",\"item\":\"https:\/\/pwdpr.com\/en\/shop\"},{\"@type\":\"ListItem\",\"position\":3,\"name\":\"Evaluaci\u00f3n de R\u00e9sum\u00e9\"}]},{\"@type\":\"WebSite\",\"@id\":\"https:\/\/pwdpr.com\/en\/#website\",\"url\":\"https:\/\/pwdpr.com\/en\/\",\"name\":\"Professional Writing & Development\",\"description\":\"\",\"publisher\":{\"@id\":\"https:\/\/pwdpr.com\/en\/#organization\"},\"potentialAction\":[{\"@type\":\"SearchAction\",\"target\":{\"@type\":\"EntryPoint\",\"urlTemplate\":\"https:\/\/pwdpr.com\/en\/?s={search_term_string}\"},\"query-input\":{\"@type\":\"PropertyValueSpecification\",\"valueRequired\":true,\"valueName\":\"search_term_string\"}}],\"inLanguage\":\"en-US\"},{\"@type\":\"Organization\",\"@id\":\"https:\/\/pwdpr.com\/en\/#organization\",\"name\":\"Professional Writing and Development\",\"url\":\"https:\/\/pwdpr.com\/en\/\",\"logo\":{\"@type\":\"ImageObject\",\"inLanguage\":\"en-US\",\"@id\":\"https:\/\/pwdpr.com\/en\/#\/schema\/logo\/image\/\",\"url\":\"https:\/\/pwdpr.com\/wp-content\/uploads\/2020\/03\/Muestra-Puente-Narranjito-2-Complete.png\",\"contentUrl\":\"https:\/\/pwdpr.com\/wp-content\/uploads\/2020\/03\/Muestra-Puente-Narranjito-2-Complete.png\",\"width\":709,\"height\":539,\"caption\":\"Professional Writing and Development\"},\"image\":{\"@id\":\"https:\/\/pwdpr.com\/en\/#\/schema\/logo\/image\/\"},\"sameAs\":[\"https:\/\/www.facebook.com\/drzairarvelo\",\"https:\/\/x.com\/drzairarvelo\",\"https:\/\/www.instagram.com\/pwdpr\",\"https:\/\/www.linkedin.com\/in\/zairaarvelo\/\",\"https:\/\/www.youtube.com\/pwdpr\"]}]}<\/script>\n<!-- \/ Yoast SEO plugin. -->","yoast_head_json":{"title":"Evaluaci\u00f3n de R\u00e9sum\u00e9 - Professional Writing and Development","robots":{"index":"index","follow":"follow","max-snippet":"max-snippet:-1","max-image-preview":"max-image-preview:large","max-video-preview":"max-video-preview:-1"},"canonical":"https:\/\/pwdpr.com\/en\/product\/evaluacion-de-resume\/","og_locale":"en_US","og_type":"article","og_title":"Evaluaci\u00f3n de R\u00e9sum\u00e9 - Professional Writing and Development","og_description":"Evaluar si el r\u00e9sum\u00e9 est\u00e1 completo y su ortograf\u00eda correcta.","og_url":"https:\/\/pwdpr.com\/en\/product\/evaluacion-de-resume\/","og_site_name":"Professional Writing and Development","article_publisher":"https:\/\/www.facebook.com\/drzairarvelo","article_modified_time":"2022-02-14T20:01:09+00:00","og_image":[{"width":1920,"height":1920,"url":"https:\/\/pwdpr.com\/wp-content\/uploads\/2019\/01\/product-tiles-20.jpg","type":"image\/jpeg"}],"twitter_card":"summary_large_image","twitter_site":"@drzairarvelo","twitter_misc":{"Est. reading time":"1 minute"},"schema":{"@context":"https:\/\/schema.org","@graph":[{"@type":"WebPage","@id":"https:\/\/pwdpr.com\/product\/evaluacion-de-resume","url":"https:\/\/pwdpr.com\/product\/evaluacion-de-resume","name":"Evaluaci\u00f3n de R\u00e9sum\u00e9 - Professional Writing and Development","isPartOf":{"@id":"https:\/\/pwdpr.com\/en\/#website"},"primaryImageOfPage":{"@id":"https:\/\/pwdpr.com\/product\/evaluacion-de-resume#primaryimage"},"image":{"@id":"https:\/\/pwdpr.com\/product\/evaluacion-de-resume#primaryimage"},"thumbnailUrl":"https:\/\/pwdpr.com\/wp-content\/uploads\/2019\/01\/product-tiles-20.jpg","datePublished":"2019-01-23T02:29:57+00:00","dateModified":"2022-02-14T20:01:09+00:00","breadcrumb":{"@id":"https:\/\/pwdpr.com\/product\/evaluacion-de-resume#breadcrumb"},"inLanguage":"en-US","potentialAction":[{"@type":"ReadAction","target":["https:\/\/pwdpr.com\/product\/evaluacion-de-resume"]}]},{"@type":"ImageObject","inLanguage":"en-US","@id":"https:\/\/pwdpr.com\/product\/evaluacion-de-resume#primaryimage","url":"https:\/\/pwdpr.com\/wp-content\/uploads\/2019\/01\/product-tiles-20.jpg","contentUrl":"https:\/\/pwdpr.com\/wp-content\/uploads\/2019\/01\/product-tiles-20.jpg","width":1920,"height":1920},{"@type":"BreadcrumbList","@id":"https:\/\/pwdpr.com\/product\/evaluacion-de-resume#breadcrumb","itemListElement":[{"@type":"ListItem","position":1,"name":"Home","item":"https:\/\/pwdpr.com\/"},{"@type":"ListItem","position":2,"name":"Tienda","item":"https:\/\/pwdpr.com\/en\/shop"},{"@type":"ListItem","position":3,"name":"Evaluaci\u00f3n de R\u00e9sum\u00e9"}]},{"@type":"WebSite","@id":"https:\/\/pwdpr.com\/en\/#website","url":"https:\/\/pwdpr.com\/en\/","name":"Professional Writing & Development","description":"","publisher":{"@id":"https:\/\/pwdpr.com\/en\/#organization"},"potentialAction":[{"@type":"SearchAction","target":{"@type":"EntryPoint","urlTemplate":"https:\/\/pwdpr.com\/en\/?s={search_term_string}"},"query-input":{"@type":"PropertyValueSpecification","valueRequired":true,"valueName":"search_term_string"}}],"inLanguage":"en-US"},{"@type":"Organization","@id":"https:\/\/pwdpr.com\/en\/#organization","name":"Professional Writing and Development","url":"https:\/\/pwdpr.com\/en\/","logo":{"@type":"ImageObject","inLanguage":"en-US","@id":"https:\/\/pwdpr.com\/en\/#\/schema\/logo\/image\/","url":"https:\/\/pwdpr.com\/wp-content\/uploads\/2020\/03\/Muestra-Puente-Narranjito-2-Complete.png","contentUrl":"https:\/\/pwdpr.com\/wp-content\/uploads\/2020\/03\/Muestra-Puente-Narranjito-2-Complete.png","width":709,"height":539,"caption":"Professional Writing and Development"},"image":{"@id":"https:\/\/pwdpr.com\/en\/#\/schema\/logo\/image\/"},"sameAs":["https:\/\/www.facebook.com\/drzairarvelo","https:\/\/x.com\/drzairarvelo","https:\/\/www.instagram.com\/pwdpr","https:\/\/www.linkedin.com\/in\/zairaarvelo\/","https:\/\/www.youtube.com\/pwdpr"]}]}},"_links":{"self":[{"href":"https:\/\/pwdpr.com\/en\/wp-json\/wp\/v2\/product\/463","targetHints":{"allow":["GET"]}}],"collection":[{"href":"https:\/\/pwdpr.com\/en\/wp-json\/wp\/v2\/product"}],"about":[{"href":"https:\/\/pwdpr.com\/en\/wp-json\/wp\/v2\/types\/product"}],"replies":[{"embeddable":true,"href":"https:\/\/pwdpr.com\/en\/wp-json\/wp\/v2\/comments?post=463"}],"wp:featuredmedia":[{"embeddable":true,"href":"https:\/\/pwdpr.com\/en\/wp-json\/wp\/v2\/media\/547"}],"wp:attachment":[{"href":"https:\/\/pwdpr.com\/en\/wp-json\/wp\/v2\/media?parent=463"}],"wp:term":[{"taxonomy":"product_brand","embeddable":true,"href":"https:\/\/pwdpr.com\/en\/wp-json\/wp\/v2\/product_brand?post=463"},{"taxonomy":"product_cat","embeddable":true,"href":"https:\/\/pwdpr.com\/en\/wp-json\/wp\/v2\/product_cat?post=463"},{"taxonomy":"product_tag","embeddable":true,"href":"https:\/\/pwdpr.com\/en\/wp-json\/wp\/v2\/product_tag?post=463"}],"curies":[{"name":"wp","href":"https:\/\/api.w.org\/{rel}","templated":true}]}}