{"id":457,"date":"2019-01-22T23:47:46","date_gmt":"2019-01-23T03:47:46","guid":{"rendered":"https:\/\/pwdpr.com\/?post_type=product&#038;p=457"},"modified":"2025-09-15T15:02:51","modified_gmt":"2025-09-15T19:02:51","slug":"creacion-resume-basico","status":"publish","type":"product","link":"https:\/\/pwdpr.com\/en\/product\/creacion-resume-basico","title":{"rendered":"Basic R\u00e9sum\u00e9 Creation"},"content":{"rendered":"<h5>Value<\/h5>\n<p>Have at the palm of your hands a personalized r\u00e9sum\u00e9 that capitalizes on your capacities, strengths, and knowledge for whenever an unique opportunity arises. The basic r\u00e9sum\u00e9 creation service is available <strong>only<\/strong> for individuals with little (up to 2 non-professional job experiences) to no work experience, such as university students or recent graduates. What are non professional experiences? These experiences include jobs such as server and supermarket cashier.<\/p>\n<h5>Perks<\/h5>\n<p>This product includes the creation of a r\u00e9sum\u00e9 of up to 2 pages of length using 1 inch margins and 12pt font in 1.5 to double line spacing. It also includes a 1 hour creative session with me, which can be scheduled in-person, by phone, or online (ex. ZOOM, Skype, Google Hangouts).<\/p>\n<h5>Order<\/h5>\n<p>You must complete <a href=\"https:\/\/forms.gle\/v3Y6EnMheiVS4aJD7\">this form<\/a> y que completes y env\u00edes esta hoja <a href=\"https:\/\/docs.google.com\/document\/d\/1wUD-UEWVyVKYiYXjJNP7Z1wZf9fXqVE0MXYys1aefBs\/edit?usp=sharing\" rel=\"attachment wp-att-551\">PWD-Resume&amp;CV-UpdateSheetBilingual<\/a> to zaira.pwdpr@gmail.com<\/p>","protected":false},"excerpt":{"rendered":"<p>Customize your r\u00e9sum\u00e9 and increase your chances at interviewing.<\/p>","protected":false},"featured_media":548,"comment_status":"open","ping_status":"closed","template":"","meta":[],"product_brand":[],"product_cat":[59],"product_tag":[47,48,46,80],"class_list":{"0":"post-457","1":"product","2":"type-product","3":"status-publish","4":"has-post-thumbnail","6":"product_cat-universitario","7":"product_tag-creacion-de-resume","8":"product_tag-necesito-un-resume","9":"product_tag-resume","10":"product_tag-resumeservice","12":"first","13":"instock","14":"sold-individually","15":"shipping-taxable","16":"purchasable","17":"product-type-simple"},"yoast_head":"<!-- This site is optimized with the Yoast SEO plugin v26.6 - https:\/\/yoast.com\/wordpress\/plugins\/seo\/ -->\n<title>Creaci\u00f3n R\u00e9sum\u00e9 B\u00e1sico - Professional Writing and Development<\/title>\n<meta name=\"description\" content=\"El sevicio incluye la creaci\u00f3n de un r\u00e9sum\u00e9 b\u00e1sico para estudiantes o reci\u00e9n graduados.\" \/>\n<meta name=\"robots\" content=\"index, follow, max-snippet:-1, max-image-preview:large, max-video-preview:-1\" \/>\n<link rel=\"canonical\" href=\"https:\/\/pwdpr.com\/en\/product\/creacion-resume-basico\/\" \/>\n<meta property=\"og:locale\" content=\"en_US\" \/>\n<meta property=\"og:type\" content=\"article\" \/>\n<meta property=\"og:title\" content=\"Creaci\u00f3n R\u00e9sum\u00e9 B\u00e1sico - Professional Writing and Development\" \/>\n<meta property=\"og:description\" content=\"El sevicio incluye la creaci\u00f3n de un r\u00e9sum\u00e9 b\u00e1sico para estudiantes o reci\u00e9n graduados.\" \/>\n<meta property=\"og:url\" content=\"https:\/\/pwdpr.com\/en\/product\/creacion-resume-basico\/\" \/>\n<meta property=\"og:site_name\" content=\"Professional Writing and Development\" \/>\n<meta property=\"article:publisher\" content=\"https:\/\/www.facebook.com\/drzairarvelo\" \/>\n<meta property=\"article:modified_time\" content=\"2025-09-15T19:02:51+00:00\" \/>\n<meta property=\"og:image\" content=\"https:\/\/pwdpr.com\/wp-content\/uploads\/2019\/01\/product-tiles-27.jpg\" \/>\n\t<meta property=\"og:image:width\" content=\"1920\" \/>\n\t<meta property=\"og:image:height\" content=\"1920\" \/>\n\t<meta property=\"og:image:type\" content=\"image\/jpeg\" \/>\n<meta name=\"twitter:card\" content=\"summary_large_image\" \/>\n<meta name=\"twitter:site\" content=\"@drzairarvelo\" \/>\n<meta name=\"twitter:label1\" content=\"Est. reading time\" \/>\n\t<meta name=\"twitter:data1\" content=\"1 minute\" \/>\n<script type=\"application\/ld+json\" class=\"yoast-schema-graph\">{\"@context\":\"https:\/\/schema.org\",\"@graph\":[{\"@type\":\"WebPage\",\"@id\":\"https:\/\/pwdpr.com\/product\/creacion-resume-basico\",\"url\":\"https:\/\/pwdpr.com\/product\/creacion-resume-basico\",\"name\":\"Creaci\u00f3n R\u00e9sum\u00e9 B\u00e1sico - Professional Writing and Development\",\"isPartOf\":{\"@id\":\"https:\/\/pwdpr.com\/en\/#website\"},\"primaryImageOfPage\":{\"@id\":\"https:\/\/pwdpr.com\/product\/creacion-resume-basico#primaryimage\"},\"image\":{\"@id\":\"https:\/\/pwdpr.com\/product\/creacion-resume-basico#primaryimage\"},\"thumbnailUrl\":\"https:\/\/pwdpr.com\/wp-content\/uploads\/2019\/01\/product-tiles-27.jpg\",\"datePublished\":\"2019-01-23T03:47:46+00:00\",\"dateModified\":\"2025-09-15T19:02:51+00:00\",\"description\":\"El sevicio incluye la creaci\u00f3n de un r\u00e9sum\u00e9 b\u00e1sico para estudiantes o reci\u00e9n graduados.\",\"breadcrumb\":{\"@id\":\"https:\/\/pwdpr.com\/product\/creacion-resume-basico#breadcrumb\"},\"inLanguage\":\"en-US\",\"potentialAction\":[{\"@type\":\"ReadAction\",\"target\":[\"https:\/\/pwdpr.com\/product\/creacion-resume-basico\"]}]},{\"@type\":\"ImageObject\",\"inLanguage\":\"en-US\",\"@id\":\"https:\/\/pwdpr.com\/product\/creacion-resume-basico#primaryimage\",\"url\":\"https:\/\/pwdpr.com\/wp-content\/uploads\/2019\/01\/product-tiles-27.jpg\",\"contentUrl\":\"https:\/\/pwdpr.com\/wp-content\/uploads\/2019\/01\/product-tiles-27.jpg\",\"width\":1920,\"height\":1920},{\"@type\":\"BreadcrumbList\",\"@id\":\"https:\/\/pwdpr.com\/product\/creacion-resume-basico#breadcrumb\",\"itemListElement\":[{\"@type\":\"ListItem\",\"position\":1,\"name\":\"Home\",\"item\":\"https:\/\/pwdpr.com\/\"},{\"@type\":\"ListItem\",\"position\":2,\"name\":\"Tienda\",\"item\":\"https:\/\/pwdpr.com\/en\/shop\"},{\"@type\":\"ListItem\",\"position\":3,\"name\":\"Creaci\u00f3n R\u00e9sum\u00e9 B\u00e1sico\"}]},{\"@type\":\"WebSite\",\"@id\":\"https:\/\/pwdpr.com\/en\/#website\",\"url\":\"https:\/\/pwdpr.com\/en\/\",\"name\":\"Professional Writing & Development\",\"description\":\"\",\"publisher\":{\"@id\":\"https:\/\/pwdpr.com\/en\/#organization\"},\"potentialAction\":[{\"@type\":\"SearchAction\",\"target\":{\"@type\":\"EntryPoint\",\"urlTemplate\":\"https:\/\/pwdpr.com\/en\/?s={search_term_string}\"},\"query-input\":{\"@type\":\"PropertyValueSpecification\",\"valueRequired\":true,\"valueName\":\"search_term_string\"}}],\"inLanguage\":\"en-US\"},{\"@type\":\"Organization\",\"@id\":\"https:\/\/pwdpr.com\/en\/#organization\",\"name\":\"Professional Writing and Development\",\"url\":\"https:\/\/pwdpr.com\/en\/\",\"logo\":{\"@type\":\"ImageObject\",\"inLanguage\":\"en-US\",\"@id\":\"https:\/\/pwdpr.com\/en\/#\/schema\/logo\/image\/\",\"url\":\"https:\/\/pwdpr.com\/wp-content\/uploads\/2020\/03\/Muestra-Puente-Narranjito-2-Complete.png\",\"contentUrl\":\"https:\/\/pwdpr.com\/wp-content\/uploads\/2020\/03\/Muestra-Puente-Narranjito-2-Complete.png\",\"width\":709,\"height\":539,\"caption\":\"Professional Writing and Development\"},\"image\":{\"@id\":\"https:\/\/pwdpr.com\/en\/#\/schema\/logo\/image\/\"},\"sameAs\":[\"https:\/\/www.facebook.com\/drzairarvelo\",\"https:\/\/x.com\/drzairarvelo\",\"https:\/\/www.instagram.com\/pwdpr\",\"https:\/\/www.linkedin.com\/in\/zairaarvelo\/\",\"https:\/\/www.youtube.com\/pwdpr\"]}]}<\/script>\n<!-- \/ Yoast SEO plugin. -->","yoast_head_json":{"title":"Creaci\u00f3n R\u00e9sum\u00e9 B\u00e1sico - Professional Writing and Development","description":"El sevicio incluye la creaci\u00f3n de un r\u00e9sum\u00e9 b\u00e1sico para estudiantes o reci\u00e9n graduados.","robots":{"index":"index","follow":"follow","max-snippet":"max-snippet:-1","max-image-preview":"max-image-preview:large","max-video-preview":"max-video-preview:-1"},"canonical":"https:\/\/pwdpr.com\/en\/product\/creacion-resume-basico\/","og_locale":"en_US","og_type":"article","og_title":"Creaci\u00f3n R\u00e9sum\u00e9 B\u00e1sico - Professional Writing and Development","og_description":"El sevicio incluye la creaci\u00f3n de un r\u00e9sum\u00e9 b\u00e1sico para estudiantes o reci\u00e9n graduados.","og_url":"https:\/\/pwdpr.com\/en\/product\/creacion-resume-basico\/","og_site_name":"Professional Writing and Development","article_publisher":"https:\/\/www.facebook.com\/drzairarvelo","article_modified_time":"2025-09-15T19:02:51+00:00","og_image":[{"width":1920,"height":1920,"url":"https:\/\/pwdpr.com\/wp-content\/uploads\/2019\/01\/product-tiles-27.jpg","type":"image\/jpeg"}],"twitter_card":"summary_large_image","twitter_site":"@drzairarvelo","twitter_misc":{"Est. reading time":"1 minute"},"schema":{"@context":"https:\/\/schema.org","@graph":[{"@type":"WebPage","@id":"https:\/\/pwdpr.com\/product\/creacion-resume-basico","url":"https:\/\/pwdpr.com\/product\/creacion-resume-basico","name":"Creaci\u00f3n R\u00e9sum\u00e9 B\u00e1sico - Professional Writing and Development","isPartOf":{"@id":"https:\/\/pwdpr.com\/en\/#website"},"primaryImageOfPage":{"@id":"https:\/\/pwdpr.com\/product\/creacion-resume-basico#primaryimage"},"image":{"@id":"https:\/\/pwdpr.com\/product\/creacion-resume-basico#primaryimage"},"thumbnailUrl":"https:\/\/pwdpr.com\/wp-content\/uploads\/2019\/01\/product-tiles-27.jpg","datePublished":"2019-01-23T03:47:46+00:00","dateModified":"2025-09-15T19:02:51+00:00","description":"El sevicio incluye la creaci\u00f3n de un r\u00e9sum\u00e9 b\u00e1sico para estudiantes o reci\u00e9n graduados.","breadcrumb":{"@id":"https:\/\/pwdpr.com\/product\/creacion-resume-basico#breadcrumb"},"inLanguage":"en-US","potentialAction":[{"@type":"ReadAction","target":["https:\/\/pwdpr.com\/product\/creacion-resume-basico"]}]},{"@type":"ImageObject","inLanguage":"en-US","@id":"https:\/\/pwdpr.com\/product\/creacion-resume-basico#primaryimage","url":"https:\/\/pwdpr.com\/wp-content\/uploads\/2019\/01\/product-tiles-27.jpg","contentUrl":"https:\/\/pwdpr.com\/wp-content\/uploads\/2019\/01\/product-tiles-27.jpg","width":1920,"height":1920},{"@type":"BreadcrumbList","@id":"https:\/\/pwdpr.com\/product\/creacion-resume-basico#breadcrumb","itemListElement":[{"@type":"ListItem","position":1,"name":"Home","item":"https:\/\/pwdpr.com\/"},{"@type":"ListItem","position":2,"name":"Tienda","item":"https:\/\/pwdpr.com\/en\/shop"},{"@type":"ListItem","position":3,"name":"Creaci\u00f3n R\u00e9sum\u00e9 B\u00e1sico"}]},{"@type":"WebSite","@id":"https:\/\/pwdpr.com\/en\/#website","url":"https:\/\/pwdpr.com\/en\/","name":"Professional Writing & Development","description":"","publisher":{"@id":"https:\/\/pwdpr.com\/en\/#organization"},"potentialAction":[{"@type":"SearchAction","target":{"@type":"EntryPoint","urlTemplate":"https:\/\/pwdpr.com\/en\/?s={search_term_string}"},"query-input":{"@type":"PropertyValueSpecification","valueRequired":true,"valueName":"search_term_string"}}],"inLanguage":"en-US"},{"@type":"Organization","@id":"https:\/\/pwdpr.com\/en\/#organization","name":"Professional Writing and Development","url":"https:\/\/pwdpr.com\/en\/","logo":{"@type":"ImageObject","inLanguage":"en-US","@id":"https:\/\/pwdpr.com\/en\/#\/schema\/logo\/image\/","url":"https:\/\/pwdpr.com\/wp-content\/uploads\/2020\/03\/Muestra-Puente-Narranjito-2-Complete.png","contentUrl":"https:\/\/pwdpr.com\/wp-content\/uploads\/2020\/03\/Muestra-Puente-Narranjito-2-Complete.png","width":709,"height":539,"caption":"Professional Writing and Development"},"image":{"@id":"https:\/\/pwdpr.com\/en\/#\/schema\/logo\/image\/"},"sameAs":["https:\/\/www.facebook.com\/drzairarvelo","https:\/\/x.com\/drzairarvelo","https:\/\/www.instagram.com\/pwdpr","https:\/\/www.linkedin.com\/in\/zairaarvelo\/","https:\/\/www.youtube.com\/pwdpr"]}]}},"_links":{"self":[{"href":"https:\/\/pwdpr.com\/en\/wp-json\/wp\/v2\/product\/457","targetHints":{"allow":["GET"]}}],"collection":[{"href":"https:\/\/pwdpr.com\/en\/wp-json\/wp\/v2\/product"}],"about":[{"href":"https:\/\/pwdpr.com\/en\/wp-json\/wp\/v2\/types\/product"}],"replies":[{"embeddable":true,"href":"https:\/\/pwdpr.com\/en\/wp-json\/wp\/v2\/comments?post=457"}],"wp:featuredmedia":[{"embeddable":true,"href":"https:\/\/pwdpr.com\/en\/wp-json\/wp\/v2\/media\/548"}],"wp:attachment":[{"href":"https:\/\/pwdpr.com\/en\/wp-json\/wp\/v2\/media?parent=457"}],"wp:term":[{"taxonomy":"product_brand","embeddable":true,"href":"https:\/\/pwdpr.com\/en\/wp-json\/wp\/v2\/product_brand?post=457"},{"taxonomy":"product_cat","embeddable":true,"href":"https:\/\/pwdpr.com\/en\/wp-json\/wp\/v2\/product_cat?post=457"},{"taxonomy":"product_tag","embeddable":true,"href":"https:\/\/pwdpr.com\/en\/wp-json\/wp\/v2\/product_tag?post=457"}],"curies":[{"name":"wp","href":"https:\/\/api.w.org\/{rel}","templated":true}]}}