{"id":3740,"date":"2024-07-23T15:27:13","date_gmt":"2024-07-23T19:27:13","guid":{"rendered":"https:\/\/pwdpr.com\/?post_type=product&#038;p=3740"},"modified":"2024-07-31T15:13:30","modified_gmt":"2024-07-31T19:13:30","slug":"actualizacion-de-resume","status":"publish","type":"product","link":"https:\/\/pwdpr.com\/en\/product\/actualizacion-de-resume","title":{"rendered":"Actualizaci\u00f3n de R\u00e9sum\u00e9"},"content":{"rendered":"<h5>Value<\/h5>\n<p>Actualizar las partes claves del r\u00e9sum\u00e9 para que cuentes con un r\u00e9sum\u00e9 al d\u00eda que te permita solicitar a oportunidades de crecimiento.<\/p>\n<h5>Incluye<\/h5>\n<p>Este servicio exclusivo para clientes existentes de Professional Writing and Development incluye la actualizaci\u00f3n de un r\u00e9sum\u00e9 de hasta 2 p\u00e1ginas con letra no m\u00e1s peque\u00f1a de tama\u00f1o 11 y m\u00e1rgenes no m\u00e1s angostos de .9 a los lados y .5 en el tope y fondo. Si tu re\u015bum\u00e9 es m\u00e1s largo, requiere costos adicionales por hora que puedo discutir contigo. El servico incluye actualizaci\u00f3n de:<\/p>\n<ol>\n<li>Datos en la secci\u00f3n de \u201cInformaci\u00f3n Contacto\u201d (ej. rango, email, tel\u00e9fono)<\/li>\n<li>Cronolog\u00eda en la secci\u00f3n de \u201cSummary o Perfil\u201d (ej. n\u00famero de a\u00f1os de experiencia, t\u00edtulos nuevos)<\/li>\n<li>Entradas en la secci\u00f3n de \u201cExperiencia\u201d (para este paso, debes completar la <a href=\"https:\/\/docs.google.com\/document\/d\/1mmb1-49xqkU6pWoit1ozu_JTTVAiDZmc\/edit?usp=sharing&amp;ouid=112293112743135040302&amp;rtpof=true&amp;sd=true\">Hoja Resume Update<\/a> en lujo de detalle incluyendo compa\u00f1\u00eda, puesto, fechas con mes\/d\u00eda\/a\u00f1o, descripci\u00f3n de tareas realizadas en el puesto)<\/li>\n<li>Entradas en la secci\u00f3n de \u201cEducaci\u00f3n\u201d (ej. grados adquiridos o en curso). Para este paso, debes completar la <a href=\"https:\/\/docs.google.com\/document\/d\/1mmb1-49xqkU6pWoit1ozu_JTTVAiDZmc\/edit?usp=sharing&amp;ouid=112293112743135040302&amp;rtpof=true&amp;sd=true\">Hoja Resume Update<\/a> en lujo de detalle incluyendo la instituci\u00f3n, el grado tal como aparece en el diploma o transcripci\u00f3n de cr\u00e9dito, cantidad de cr\u00e9ditos si aplica).<\/li>\n<\/ol>\n<h5>Disclaimer<\/h5>\n<p>Nos reservamos el derecho de cancelar \u00f3rdenes donde se solicita editar contenido sin tener el debido derecho de propiedad intelectual y contenido generado por traductores online. Este servicio es SOLO para clientes actuales de Professional Writing and Development que ya tengan un r\u00e9sum\u00e9 conmigo.<\/p>\n<h5>Order<\/h5>\n<p>Env\u00eda tu r\u00e9sum\u00e9 en formato editable y la <a href=\"https:\/\/docs.google.com\/document\/d\/1mmb1-49xqkU6pWoit1ozu_JTTVAiDZmc\/edit?usp=sharing&amp;ouid=112293112743135040302&amp;rtpof=true&amp;sd=true\">Hoja Resume Update<\/a> completada a <span>zaira.pwdpr@gmail.com. Si no le has realizado cambios a tu r\u00e9sum\u00e9 desde que yo lo trabaj\u00e9, d\u00e9jame saber en el email y lo halo de mi carpeta en la nube dedicada a salvaguardar los trabajos de mis clientes existentes.\u00a0<\/span><\/p>","protected":false},"excerpt":{"rendered":"<p>Lo \u00fanico m\u00e1s importante que obtener un t\u00edtulo universitario o una promoci\u00f3n de trabajo es plasmarlo en tu r\u00e9sum\u00e9 para que otros lo sepan.<\/p>","protected":false},"featured_media":3741,"comment_status":"open","ping_status":"closed","template":"","meta":[],"product_brand":[],"product_cat":[60,59],"product_tag":[36,46],"class_list":{"0":"post-3740","1":"product","2":"type-product","3":"status-publish","4":"has-post-thumbnail","6":"product_cat-profesional","7":"product_cat-universitario","8":"product_tag-edicion","9":"product_tag-resume","11":"first","12":"instock","13":"sold-individually","14":"shipping-taxable","15":"purchasable","16":"product-type-simple"},"yoast_head":"<!-- This site is optimized with the Yoast SEO plugin v26.6 - https:\/\/yoast.com\/wordpress\/plugins\/seo\/ -->\n<title>Actualizaci\u00f3n de R\u00e9sum\u00e9 - Professional Writing and Development<\/title>\n<meta name=\"description\" content=\"Ordena hoy una actualizaci\u00f3n para que tengas tu r\u00e9sum\u00e9 al d\u00eda y no pierdas oportunidades de crecimiento profesional.\" \/>\n<meta name=\"robots\" content=\"index, follow, max-snippet:-1, max-image-preview:large, max-video-preview:-1\" \/>\n<link rel=\"canonical\" href=\"https:\/\/pwdpr.com\/en\/product\/actualizacion-de-resume\/\" \/>\n<meta property=\"og:locale\" content=\"en_US\" \/>\n<meta property=\"og:type\" content=\"article\" \/>\n<meta property=\"og:title\" content=\"Actualizaci\u00f3n de R\u00e9sum\u00e9 - Professional Writing and Development\" \/>\n<meta property=\"og:description\" content=\"Ordena hoy una actualizaci\u00f3n para que tengas tu r\u00e9sum\u00e9 al d\u00eda y no pierdas oportunidades de crecimiento profesional.\" \/>\n<meta property=\"og:url\" content=\"https:\/\/pwdpr.com\/en\/product\/actualizacion-de-resume\/\" \/>\n<meta property=\"og:site_name\" content=\"Professional Writing and Development\" \/>\n<meta property=\"article:publisher\" content=\"https:\/\/www.facebook.com\/drzairarvelo\" \/>\n<meta property=\"article:modified_time\" content=\"2024-07-31T19:13:30+00:00\" \/>\n<meta property=\"og:image\" content=\"https:\/\/pwdpr.com\/wp-content\/uploads\/2024\/07\/Actualizacion-de-resume.png\" \/>\n\t<meta property=\"og:image:width\" content=\"1920\" \/>\n\t<meta property=\"og:image:height\" content=\"1920\" \/>\n\t<meta property=\"og:image:type\" content=\"image\/png\" \/>\n<meta name=\"twitter:card\" content=\"summary_large_image\" \/>\n<meta name=\"twitter:site\" content=\"@drzairarvelo\" \/>\n<meta name=\"twitter:label1\" content=\"Est. reading time\" \/>\n\t<meta name=\"twitter:data1\" content=\"2 minutes\" \/>\n<script type=\"application\/ld+json\" class=\"yoast-schema-graph\">{\"@context\":\"https:\/\/schema.org\",\"@graph\":[{\"@type\":\"WebPage\",\"@id\":\"https:\/\/pwdpr.com\/product\/actualizacion-de-resume\",\"url\":\"https:\/\/pwdpr.com\/product\/actualizacion-de-resume\",\"name\":\"Actualizaci\u00f3n de R\u00e9sum\u00e9 - Professional Writing and Development\",\"isPartOf\":{\"@id\":\"https:\/\/pwdpr.com\/en\/#website\"},\"primaryImageOfPage\":{\"@id\":\"https:\/\/pwdpr.com\/product\/actualizacion-de-resume#primaryimage\"},\"image\":{\"@id\":\"https:\/\/pwdpr.com\/product\/actualizacion-de-resume#primaryimage\"},\"thumbnailUrl\":\"https:\/\/pwdpr.com\/wp-content\/uploads\/2024\/07\/Actualizacion-de-resume.png\",\"datePublished\":\"2024-07-23T19:27:13+00:00\",\"dateModified\":\"2024-07-31T19:13:30+00:00\",\"description\":\"Ordena hoy una actualizaci\u00f3n para que tengas tu r\u00e9sum\u00e9 al d\u00eda y no pierdas oportunidades de crecimiento profesional.\",\"breadcrumb\":{\"@id\":\"https:\/\/pwdpr.com\/product\/actualizacion-de-resume#breadcrumb\"},\"inLanguage\":\"en-US\",\"potentialAction\":[{\"@type\":\"ReadAction\",\"target\":[\"https:\/\/pwdpr.com\/product\/actualizacion-de-resume\"]}]},{\"@type\":\"ImageObject\",\"inLanguage\":\"en-US\",\"@id\":\"https:\/\/pwdpr.com\/product\/actualizacion-de-resume#primaryimage\",\"url\":\"https:\/\/pwdpr.com\/wp-content\/uploads\/2024\/07\/Actualizacion-de-resume.png\",\"contentUrl\":\"https:\/\/pwdpr.com\/wp-content\/uploads\/2024\/07\/Actualizacion-de-resume.png\",\"width\":1920,\"height\":1920},{\"@type\":\"BreadcrumbList\",\"@id\":\"https:\/\/pwdpr.com\/product\/actualizacion-de-resume#breadcrumb\",\"itemListElement\":[{\"@type\":\"ListItem\",\"position\":1,\"name\":\"Home\",\"item\":\"https:\/\/pwdpr.com\/\"},{\"@type\":\"ListItem\",\"position\":2,\"name\":\"Tienda\",\"item\":\"https:\/\/pwdpr.com\/en\/shop\"},{\"@type\":\"ListItem\",\"position\":3,\"name\":\"Actualizaci\u00f3n de R\u00e9sum\u00e9\"}]},{\"@type\":\"WebSite\",\"@id\":\"https:\/\/pwdpr.com\/en\/#website\",\"url\":\"https:\/\/pwdpr.com\/en\/\",\"name\":\"Professional Writing & Development\",\"description\":\"\",\"publisher\":{\"@id\":\"https:\/\/pwdpr.com\/en\/#organization\"},\"potentialAction\":[{\"@type\":\"SearchAction\",\"target\":{\"@type\":\"EntryPoint\",\"urlTemplate\":\"https:\/\/pwdpr.com\/en\/?s={search_term_string}\"},\"query-input\":{\"@type\":\"PropertyValueSpecification\",\"valueRequired\":true,\"valueName\":\"search_term_string\"}}],\"inLanguage\":\"en-US\"},{\"@type\":\"Organization\",\"@id\":\"https:\/\/pwdpr.com\/en\/#organization\",\"name\":\"Professional Writing and Development\",\"url\":\"https:\/\/pwdpr.com\/en\/\",\"logo\":{\"@type\":\"ImageObject\",\"inLanguage\":\"en-US\",\"@id\":\"https:\/\/pwdpr.com\/en\/#\/schema\/logo\/image\/\",\"url\":\"https:\/\/pwdpr.com\/wp-content\/uploads\/2020\/03\/Muestra-Puente-Narranjito-2-Complete.png\",\"contentUrl\":\"https:\/\/pwdpr.com\/wp-content\/uploads\/2020\/03\/Muestra-Puente-Narranjito-2-Complete.png\",\"width\":709,\"height\":539,\"caption\":\"Professional Writing and Development\"},\"image\":{\"@id\":\"https:\/\/pwdpr.com\/en\/#\/schema\/logo\/image\/\"},\"sameAs\":[\"https:\/\/www.facebook.com\/drzairarvelo\",\"https:\/\/x.com\/drzairarvelo\",\"https:\/\/www.instagram.com\/pwdpr\",\"https:\/\/www.linkedin.com\/in\/zairaarvelo\/\",\"https:\/\/www.youtube.com\/pwdpr\"]}]}<\/script>\n<!-- \/ Yoast SEO plugin. -->","yoast_head_json":{"title":"Actualizaci\u00f3n de R\u00e9sum\u00e9 - Professional Writing and Development","description":"Ordena hoy una actualizaci\u00f3n para que tengas tu r\u00e9sum\u00e9 al d\u00eda y no pierdas oportunidades de crecimiento profesional.","robots":{"index":"index","follow":"follow","max-snippet":"max-snippet:-1","max-image-preview":"max-image-preview:large","max-video-preview":"max-video-preview:-1"},"canonical":"https:\/\/pwdpr.com\/en\/product\/actualizacion-de-resume\/","og_locale":"en_US","og_type":"article","og_title":"Actualizaci\u00f3n de R\u00e9sum\u00e9 - Professional Writing and Development","og_description":"Ordena hoy una actualizaci\u00f3n para que tengas tu r\u00e9sum\u00e9 al d\u00eda y no pierdas oportunidades de crecimiento profesional.","og_url":"https:\/\/pwdpr.com\/en\/product\/actualizacion-de-resume\/","og_site_name":"Professional Writing and Development","article_publisher":"https:\/\/www.facebook.com\/drzairarvelo","article_modified_time":"2024-07-31T19:13:30+00:00","og_image":[{"width":1920,"height":1920,"url":"https:\/\/pwdpr.com\/wp-content\/uploads\/2024\/07\/Actualizacion-de-resume.png","type":"image\/png"}],"twitter_card":"summary_large_image","twitter_site":"@drzairarvelo","twitter_misc":{"Est. reading time":"2 minutes"},"schema":{"@context":"https:\/\/schema.org","@graph":[{"@type":"WebPage","@id":"https:\/\/pwdpr.com\/product\/actualizacion-de-resume","url":"https:\/\/pwdpr.com\/product\/actualizacion-de-resume","name":"Actualizaci\u00f3n de R\u00e9sum\u00e9 - Professional Writing and Development","isPartOf":{"@id":"https:\/\/pwdpr.com\/en\/#website"},"primaryImageOfPage":{"@id":"https:\/\/pwdpr.com\/product\/actualizacion-de-resume#primaryimage"},"image":{"@id":"https:\/\/pwdpr.com\/product\/actualizacion-de-resume#primaryimage"},"thumbnailUrl":"https:\/\/pwdpr.com\/wp-content\/uploads\/2024\/07\/Actualizacion-de-resume.png","datePublished":"2024-07-23T19:27:13+00:00","dateModified":"2024-07-31T19:13:30+00:00","description":"Ordena hoy una actualizaci\u00f3n para que tengas tu r\u00e9sum\u00e9 al d\u00eda y no pierdas oportunidades de crecimiento profesional.","breadcrumb":{"@id":"https:\/\/pwdpr.com\/product\/actualizacion-de-resume#breadcrumb"},"inLanguage":"en-US","potentialAction":[{"@type":"ReadAction","target":["https:\/\/pwdpr.com\/product\/actualizacion-de-resume"]}]},{"@type":"ImageObject","inLanguage":"en-US","@id":"https:\/\/pwdpr.com\/product\/actualizacion-de-resume#primaryimage","url":"https:\/\/pwdpr.com\/wp-content\/uploads\/2024\/07\/Actualizacion-de-resume.png","contentUrl":"https:\/\/pwdpr.com\/wp-content\/uploads\/2024\/07\/Actualizacion-de-resume.png","width":1920,"height":1920},{"@type":"BreadcrumbList","@id":"https:\/\/pwdpr.com\/product\/actualizacion-de-resume#breadcrumb","itemListElement":[{"@type":"ListItem","position":1,"name":"Home","item":"https:\/\/pwdpr.com\/"},{"@type":"ListItem","position":2,"name":"Tienda","item":"https:\/\/pwdpr.com\/en\/shop"},{"@type":"ListItem","position":3,"name":"Actualizaci\u00f3n de R\u00e9sum\u00e9"}]},{"@type":"WebSite","@id":"https:\/\/pwdpr.com\/en\/#website","url":"https:\/\/pwdpr.com\/en\/","name":"Professional Writing & Development","description":"","publisher":{"@id":"https:\/\/pwdpr.com\/en\/#organization"},"potentialAction":[{"@type":"SearchAction","target":{"@type":"EntryPoint","urlTemplate":"https:\/\/pwdpr.com\/en\/?s={search_term_string}"},"query-input":{"@type":"PropertyValueSpecification","valueRequired":true,"valueName":"search_term_string"}}],"inLanguage":"en-US"},{"@type":"Organization","@id":"https:\/\/pwdpr.com\/en\/#organization","name":"Professional Writing and Development","url":"https:\/\/pwdpr.com\/en\/","logo":{"@type":"ImageObject","inLanguage":"en-US","@id":"https:\/\/pwdpr.com\/en\/#\/schema\/logo\/image\/","url":"https:\/\/pwdpr.com\/wp-content\/uploads\/2020\/03\/Muestra-Puente-Narranjito-2-Complete.png","contentUrl":"https:\/\/pwdpr.com\/wp-content\/uploads\/2020\/03\/Muestra-Puente-Narranjito-2-Complete.png","width":709,"height":539,"caption":"Professional Writing and Development"},"image":{"@id":"https:\/\/pwdpr.com\/en\/#\/schema\/logo\/image\/"},"sameAs":["https:\/\/www.facebook.com\/drzairarvelo","https:\/\/x.com\/drzairarvelo","https:\/\/www.instagram.com\/pwdpr","https:\/\/www.linkedin.com\/in\/zairaarvelo\/","https:\/\/www.youtube.com\/pwdpr"]}]}},"_links":{"self":[{"href":"https:\/\/pwdpr.com\/en\/wp-json\/wp\/v2\/product\/3740","targetHints":{"allow":["GET"]}}],"collection":[{"href":"https:\/\/pwdpr.com\/en\/wp-json\/wp\/v2\/product"}],"about":[{"href":"https:\/\/pwdpr.com\/en\/wp-json\/wp\/v2\/types\/product"}],"replies":[{"embeddable":true,"href":"https:\/\/pwdpr.com\/en\/wp-json\/wp\/v2\/comments?post=3740"}],"wp:featuredmedia":[{"embeddable":true,"href":"https:\/\/pwdpr.com\/en\/wp-json\/wp\/v2\/media\/3741"}],"wp:attachment":[{"href":"https:\/\/pwdpr.com\/en\/wp-json\/wp\/v2\/media?parent=3740"}],"wp:term":[{"taxonomy":"product_brand","embeddable":true,"href":"https:\/\/pwdpr.com\/en\/wp-json\/wp\/v2\/product_brand?post=3740"},{"taxonomy":"product_cat","embeddable":true,"href":"https:\/\/pwdpr.com\/en\/wp-json\/wp\/v2\/product_cat?post=3740"},{"taxonomy":"product_tag","embeddable":true,"href":"https:\/\/pwdpr.com\/en\/wp-json\/wp\/v2\/product_tag?post=3740"}],"curies":[{"name":"wp","href":"https:\/\/api.w.org\/{rel}","templated":true}]}}