{"id":3637,"date":"2022-12-09T16:31:37","date_gmt":"2022-12-09T20:31:37","guid":{"rendered":"https:\/\/pwdpr.com\/?post_type=product&#038;p=3637"},"modified":"2024-07-23T15:17:11","modified_gmt":"2024-07-23T19:17:11","slug":"creacion-resume-federal","status":"publish","type":"product","link":"https:\/\/pwdpr.com\/en\/product\/creacion-resume-federal","title":{"rendered":"Creaci\u00f3n R\u00e9sum\u00e9 Federal"},"content":{"rendered":"<h5>Value<\/h5>\n<p>Tener en mano un r\u00e9sum\u00e9 personalizado que resalta los conocimientos, habilidades y destrezas pertinentes al puesto federal deseado.<\/p>\n<h5>Cost<\/h5>\n<p>El servicio de redacci\u00f3n de r\u00e9sum\u00e9 federal es para individuos que interesan solicitar a un puesto en una agencia federal mediante plataformas como USA Jobs.<\/p>\n<h5>Perks<\/h5>\n<p>This product includes the creation of a professional r\u00e9sum\u00e9 of up to 2 pages of length using 1 inch margins and 12p font in 1.5 to double line spacing. It also includes a 1 hour creative session with me, which can be scheduled by phone or online (ex. ZOOM, Skype, Google Hangouts). This service includes up to 4 hours of writing time since professional r\u00e9sum\u00e9s are complex and more technical than basic r\u00e9sum\u00e9s. Cases where the task exceeds 4 hours of work or the file is longer than 2 pages will result in additional charges which will start at $32.00.<\/p>\n<h5>Order<\/h5>\n<p>You must complete <a href=\"https:\/\/forms.gle\/v3Y6EnMheiVS4aJD7\">this form<\/a> , and fill out and send this sheet:\u00a0<a href=\"https:\/\/docs.google.com\/document\/d\/1wUD-UEWVyVKYiYXjJNP7Z1wZf9fXqVE0MXYys1aefBs\/edit?usp=sharing\" rel=\"attachment wp-att-551\">PWD-Resume&amp;CV-UpdateSheetBilingual<\/a> to zaira.pwdpr@gmail.com<\/p>","protected":false},"excerpt":{"rendered":"<div class=\"woocommerce-product-details__short-description\">\n<p>Customize your r\u00e9sum\u00e9 and increase your chances at interviewing.<\/p>\n<\/div>","protected":false},"featured_media":3739,"comment_status":"open","ping_status":"closed","template":"","meta":[],"product_brand":[],"product_cat":[57,60],"product_tag":[47,61,46],"class_list":{"0":"post-3637","1":"product","2":"type-product","3":"status-publish","4":"has-post-thumbnail","6":"product_cat-empresa","7":"product_cat-profesional","8":"product_tag-creacion-de-resume","9":"product_tag-profesional","10":"product_tag-resume","12":"first","13":"onbackorder","14":"sold-individually","15":"shipping-taxable","16":"purchasable","17":"product-type-simple"},"yoast_head":"<!-- This site is optimized with the Yoast SEO plugin v26.6 - https:\/\/yoast.com\/wordpress\/plugins\/seo\/ -->\n<title>Creaci\u00f3n R\u00e9sum\u00e9 Federal - Professional Writing and Development<\/title>\n<meta name=\"description\" content=\"El servicio de redacci\u00f3n de r\u00e9sum\u00e9 federal incluye la creaci\u00f3n de un r\u00e9sum\u00e9 de hasta 2 p\u00e1ginas de largo y una sesi\u00f3n creativa conmigo.\" \/>\n<meta name=\"robots\" content=\"index, follow, max-snippet:-1, max-image-preview:large, max-video-preview:-1\" \/>\n<link rel=\"canonical\" href=\"https:\/\/pwdpr.com\/en\/product\/creacion-resume-federal\/\" \/>\n<meta property=\"og:locale\" content=\"en_US\" \/>\n<meta property=\"og:type\" content=\"article\" \/>\n<meta property=\"og:title\" content=\"Creaci\u00f3n R\u00e9sum\u00e9 Federal - Professional Writing and Development\" \/>\n<meta property=\"og:description\" content=\"El servicio de redacci\u00f3n de r\u00e9sum\u00e9 federal incluye la creaci\u00f3n de un r\u00e9sum\u00e9 de hasta 2 p\u00e1ginas de largo y una sesi\u00f3n creativa conmigo.\" \/>\n<meta property=\"og:url\" content=\"https:\/\/pwdpr.com\/en\/product\/creacion-resume-federal\/\" \/>\n<meta property=\"og:site_name\" content=\"Professional Writing and Development\" \/>\n<meta property=\"article:publisher\" content=\"https:\/\/www.facebook.com\/drzairarvelo\" \/>\n<meta property=\"article:modified_time\" content=\"2024-07-23T19:17:11+00:00\" \/>\n<meta property=\"og:image\" content=\"https:\/\/pwdpr.com\/wp-content\/uploads\/2022\/12\/escritura-resume-federal.png\" \/>\n\t<meta property=\"og:image:width\" content=\"1920\" \/>\n\t<meta property=\"og:image:height\" content=\"1920\" \/>\n\t<meta property=\"og:image:type\" content=\"image\/png\" \/>\n<meta name=\"twitter:card\" content=\"summary_large_image\" \/>\n<meta name=\"twitter:site\" content=\"@drzairarvelo\" \/>\n<meta name=\"twitter:label1\" content=\"Est. reading time\" \/>\n\t<meta name=\"twitter:data1\" content=\"1 minute\" \/>\n<script type=\"application\/ld+json\" class=\"yoast-schema-graph\">{\"@context\":\"https:\/\/schema.org\",\"@graph\":[{\"@type\":\"WebPage\",\"@id\":\"https:\/\/pwdpr.com\/product\/creacion-resume-federal\",\"url\":\"https:\/\/pwdpr.com\/product\/creacion-resume-federal\",\"name\":\"Creaci\u00f3n R\u00e9sum\u00e9 Federal - Professional Writing and Development\",\"isPartOf\":{\"@id\":\"https:\/\/pwdpr.com\/en\/#website\"},\"primaryImageOfPage\":{\"@id\":\"https:\/\/pwdpr.com\/product\/creacion-resume-federal#primaryimage\"},\"image\":{\"@id\":\"https:\/\/pwdpr.com\/product\/creacion-resume-federal#primaryimage\"},\"thumbnailUrl\":\"https:\/\/pwdpr.com\/wp-content\/uploads\/2022\/12\/escritura-resume-federal.png\",\"datePublished\":\"2022-12-09T20:31:37+00:00\",\"dateModified\":\"2024-07-23T19:17:11+00:00\",\"description\":\"El servicio de redacci\u00f3n de r\u00e9sum\u00e9 federal incluye la creaci\u00f3n de un r\u00e9sum\u00e9 de hasta 2 p\u00e1ginas de largo y una sesi\u00f3n creativa conmigo.\",\"breadcrumb\":{\"@id\":\"https:\/\/pwdpr.com\/product\/creacion-resume-federal#breadcrumb\"},\"inLanguage\":\"en-US\",\"potentialAction\":[{\"@type\":\"ReadAction\",\"target\":[\"https:\/\/pwdpr.com\/product\/creacion-resume-federal\"]}]},{\"@type\":\"ImageObject\",\"inLanguage\":\"en-US\",\"@id\":\"https:\/\/pwdpr.com\/product\/creacion-resume-federal#primaryimage\",\"url\":\"https:\/\/pwdpr.com\/wp-content\/uploads\/2022\/12\/escritura-resume-federal.png\",\"contentUrl\":\"https:\/\/pwdpr.com\/wp-content\/uploads\/2022\/12\/escritura-resume-federal.png\",\"width\":1920,\"height\":1920},{\"@type\":\"BreadcrumbList\",\"@id\":\"https:\/\/pwdpr.com\/product\/creacion-resume-federal#breadcrumb\",\"itemListElement\":[{\"@type\":\"ListItem\",\"position\":1,\"name\":\"Home\",\"item\":\"https:\/\/pwdpr.com\/\"},{\"@type\":\"ListItem\",\"position\":2,\"name\":\"Tienda\",\"item\":\"https:\/\/pwdpr.com\/en\/shop\"},{\"@type\":\"ListItem\",\"position\":3,\"name\":\"Creaci\u00f3n R\u00e9sum\u00e9 Federal\"}]},{\"@type\":\"WebSite\",\"@id\":\"https:\/\/pwdpr.com\/en\/#website\",\"url\":\"https:\/\/pwdpr.com\/en\/\",\"name\":\"Professional Writing & Development\",\"description\":\"\",\"publisher\":{\"@id\":\"https:\/\/pwdpr.com\/en\/#organization\"},\"potentialAction\":[{\"@type\":\"SearchAction\",\"target\":{\"@type\":\"EntryPoint\",\"urlTemplate\":\"https:\/\/pwdpr.com\/en\/?s={search_term_string}\"},\"query-input\":{\"@type\":\"PropertyValueSpecification\",\"valueRequired\":true,\"valueName\":\"search_term_string\"}}],\"inLanguage\":\"en-US\"},{\"@type\":\"Organization\",\"@id\":\"https:\/\/pwdpr.com\/en\/#organization\",\"name\":\"Professional Writing and Development\",\"url\":\"https:\/\/pwdpr.com\/en\/\",\"logo\":{\"@type\":\"ImageObject\",\"inLanguage\":\"en-US\",\"@id\":\"https:\/\/pwdpr.com\/en\/#\/schema\/logo\/image\/\",\"url\":\"https:\/\/pwdpr.com\/wp-content\/uploads\/2020\/03\/Muestra-Puente-Narranjito-2-Complete.png\",\"contentUrl\":\"https:\/\/pwdpr.com\/wp-content\/uploads\/2020\/03\/Muestra-Puente-Narranjito-2-Complete.png\",\"width\":709,\"height\":539,\"caption\":\"Professional Writing and Development\"},\"image\":{\"@id\":\"https:\/\/pwdpr.com\/en\/#\/schema\/logo\/image\/\"},\"sameAs\":[\"https:\/\/www.facebook.com\/drzairarvelo\",\"https:\/\/x.com\/drzairarvelo\",\"https:\/\/www.instagram.com\/pwdpr\",\"https:\/\/www.linkedin.com\/in\/zairaarvelo\/\",\"https:\/\/www.youtube.com\/pwdpr\"]}]}<\/script>\n<!-- \/ Yoast SEO plugin. -->","yoast_head_json":{"title":"Creaci\u00f3n R\u00e9sum\u00e9 Federal - Professional Writing and Development","description":"El servicio de redacci\u00f3n de r\u00e9sum\u00e9 federal incluye la creaci\u00f3n de un r\u00e9sum\u00e9 de hasta 2 p\u00e1ginas de largo y una sesi\u00f3n creativa conmigo.","robots":{"index":"index","follow":"follow","max-snippet":"max-snippet:-1","max-image-preview":"max-image-preview:large","max-video-preview":"max-video-preview:-1"},"canonical":"https:\/\/pwdpr.com\/en\/product\/creacion-resume-federal\/","og_locale":"en_US","og_type":"article","og_title":"Creaci\u00f3n R\u00e9sum\u00e9 Federal - Professional Writing and Development","og_description":"El servicio de redacci\u00f3n de r\u00e9sum\u00e9 federal incluye la creaci\u00f3n de un r\u00e9sum\u00e9 de hasta 2 p\u00e1ginas de largo y una sesi\u00f3n creativa conmigo.","og_url":"https:\/\/pwdpr.com\/en\/product\/creacion-resume-federal\/","og_site_name":"Professional Writing and Development","article_publisher":"https:\/\/www.facebook.com\/drzairarvelo","article_modified_time":"2024-07-23T19:17:11+00:00","og_image":[{"width":1920,"height":1920,"url":"https:\/\/pwdpr.com\/wp-content\/uploads\/2022\/12\/escritura-resume-federal.png","type":"image\/png"}],"twitter_card":"summary_large_image","twitter_site":"@drzairarvelo","twitter_misc":{"Est. reading time":"1 minute"},"schema":{"@context":"https:\/\/schema.org","@graph":[{"@type":"WebPage","@id":"https:\/\/pwdpr.com\/product\/creacion-resume-federal","url":"https:\/\/pwdpr.com\/product\/creacion-resume-federal","name":"Creaci\u00f3n R\u00e9sum\u00e9 Federal - Professional Writing and Development","isPartOf":{"@id":"https:\/\/pwdpr.com\/en\/#website"},"primaryImageOfPage":{"@id":"https:\/\/pwdpr.com\/product\/creacion-resume-federal#primaryimage"},"image":{"@id":"https:\/\/pwdpr.com\/product\/creacion-resume-federal#primaryimage"},"thumbnailUrl":"https:\/\/pwdpr.com\/wp-content\/uploads\/2022\/12\/escritura-resume-federal.png","datePublished":"2022-12-09T20:31:37+00:00","dateModified":"2024-07-23T19:17:11+00:00","description":"El servicio de redacci\u00f3n de r\u00e9sum\u00e9 federal incluye la creaci\u00f3n de un r\u00e9sum\u00e9 de hasta 2 p\u00e1ginas de largo y una sesi\u00f3n creativa conmigo.","breadcrumb":{"@id":"https:\/\/pwdpr.com\/product\/creacion-resume-federal#breadcrumb"},"inLanguage":"en-US","potentialAction":[{"@type":"ReadAction","target":["https:\/\/pwdpr.com\/product\/creacion-resume-federal"]}]},{"@type":"ImageObject","inLanguage":"en-US","@id":"https:\/\/pwdpr.com\/product\/creacion-resume-federal#primaryimage","url":"https:\/\/pwdpr.com\/wp-content\/uploads\/2022\/12\/escritura-resume-federal.png","contentUrl":"https:\/\/pwdpr.com\/wp-content\/uploads\/2022\/12\/escritura-resume-federal.png","width":1920,"height":1920},{"@type":"BreadcrumbList","@id":"https:\/\/pwdpr.com\/product\/creacion-resume-federal#breadcrumb","itemListElement":[{"@type":"ListItem","position":1,"name":"Home","item":"https:\/\/pwdpr.com\/"},{"@type":"ListItem","position":2,"name":"Tienda","item":"https:\/\/pwdpr.com\/en\/shop"},{"@type":"ListItem","position":3,"name":"Creaci\u00f3n R\u00e9sum\u00e9 Federal"}]},{"@type":"WebSite","@id":"https:\/\/pwdpr.com\/en\/#website","url":"https:\/\/pwdpr.com\/en\/","name":"Professional Writing & Development","description":"","publisher":{"@id":"https:\/\/pwdpr.com\/en\/#organization"},"potentialAction":[{"@type":"SearchAction","target":{"@type":"EntryPoint","urlTemplate":"https:\/\/pwdpr.com\/en\/?s={search_term_string}"},"query-input":{"@type":"PropertyValueSpecification","valueRequired":true,"valueName":"search_term_string"}}],"inLanguage":"en-US"},{"@type":"Organization","@id":"https:\/\/pwdpr.com\/en\/#organization","name":"Professional Writing and Development","url":"https:\/\/pwdpr.com\/en\/","logo":{"@type":"ImageObject","inLanguage":"en-US","@id":"https:\/\/pwdpr.com\/en\/#\/schema\/logo\/image\/","url":"https:\/\/pwdpr.com\/wp-content\/uploads\/2020\/03\/Muestra-Puente-Narranjito-2-Complete.png","contentUrl":"https:\/\/pwdpr.com\/wp-content\/uploads\/2020\/03\/Muestra-Puente-Narranjito-2-Complete.png","width":709,"height":539,"caption":"Professional Writing and Development"},"image":{"@id":"https:\/\/pwdpr.com\/en\/#\/schema\/logo\/image\/"},"sameAs":["https:\/\/www.facebook.com\/drzairarvelo","https:\/\/x.com\/drzairarvelo","https:\/\/www.instagram.com\/pwdpr","https:\/\/www.linkedin.com\/in\/zairaarvelo\/","https:\/\/www.youtube.com\/pwdpr"]}]}},"_links":{"self":[{"href":"https:\/\/pwdpr.com\/en\/wp-json\/wp\/v2\/product\/3637","targetHints":{"allow":["GET"]}}],"collection":[{"href":"https:\/\/pwdpr.com\/en\/wp-json\/wp\/v2\/product"}],"about":[{"href":"https:\/\/pwdpr.com\/en\/wp-json\/wp\/v2\/types\/product"}],"replies":[{"embeddable":true,"href":"https:\/\/pwdpr.com\/en\/wp-json\/wp\/v2\/comments?post=3637"}],"wp:featuredmedia":[{"embeddable":true,"href":"https:\/\/pwdpr.com\/en\/wp-json\/wp\/v2\/media\/3739"}],"wp:attachment":[{"href":"https:\/\/pwdpr.com\/en\/wp-json\/wp\/v2\/media?parent=3637"}],"wp:term":[{"taxonomy":"product_brand","embeddable":true,"href":"https:\/\/pwdpr.com\/en\/wp-json\/wp\/v2\/product_brand?post=3637"},{"taxonomy":"product_cat","embeddable":true,"href":"https:\/\/pwdpr.com\/en\/wp-json\/wp\/v2\/product_cat?post=3637"},{"taxonomy":"product_tag","embeddable":true,"href":"https:\/\/pwdpr.com\/en\/wp-json\/wp\/v2\/product_tag?post=3637"}],"curies":[{"name":"wp","href":"https:\/\/api.w.org\/{rel}","templated":true}]}}