{"id":2955,"date":"2020-12-07T12:53:57","date_gmt":"2020-12-07T16:53:57","guid":{"rendered":"https:\/\/pwdpr.com\/?post_type=product&#038;p=2955"},"modified":"2024-07-31T15:14:07","modified_gmt":"2024-07-31T19:14:07","slug":"webinarkit","status":"publish","type":"product","link":"https:\/\/pwdpr.com\/en\/product\/webinarkit","title":{"rendered":"Webinar Meeting Kit"},"content":{"rendered":"<h5>\u00bfPara qui\u00e9n es?<\/h5>\n<p>Es una herramienta para empresarias y emprendedoras de vanguardia que quieren insertarse a la modalidad de webinars luciendo profesional y sinti\u00e9ndose en control.<\/p>\n<h5>What does it include?<\/h5>\n<p>El kit digital incluye 2 gu\u00edas interactivas que ser\u00e1n tu mapa para unirte o lanzar una reuni\u00f3n online:<\/p>\n<p><strong>1. Gu\u00eda: Brilla en tu reuni\u00f3n virtual<\/strong> \u2013 Luce profesional, evita perder tiempo y prev\u00e9 fallos cuando eres invitada a una reuni\u00f3n (online meeting) siguiendo estos 30 pasos. Este checklist te muestra los pasos a tomar en 3 momentos clave:<\/p>\n<ul>\n<li><em>d\u00edas antes<\/em><\/li>\n<li><em>horas antes<\/em> and<\/li>\n<li><em>durante<\/em><\/li>\n<\/ul>\n<p><strong>2. Gu\u00eda: Organiza y lanza tu webinar<\/strong> \u2013 Comunica con claridad y seguridad siguiendo los sobre 50 pasos para que montes y facilites un webinar o consulta digital donde t\u00fa eres quien lo administra. Este checklist te lleva de la mano en las 12 etapas que forman la base para una experiencia educativa online de calidad. Las etapas las he divido a prop\u00f3sito en 2 partes principales:<\/p>\n<ol><\/ol>\n<ul>\n<li><em>Parte 1: Idea, Promoci\u00f3n y Registro<\/em> \u2013 Lo que t\u00fa haces para dar visibilidad al webinar como escoger su t\u00edtulo, redactar una descripci\u00f3n, crear el arte, incluyendo los pasos a tomar para regar la voz y asegurar un registro claro.<\/li>\n<li><em>Parte 2: Montaje, Contenido y Facilitaci\u00f3n<\/em> \u2013 Lo que t\u00fa montas y creas tras bastidores exclusivamente para los que se registran en tu webinar. Incluye aspectos del antes como el contenido del webinar y los visuales suplementarios. Adem\u00e1s cubre pasos del durante como el equipo de tecnolog\u00eda y tips para tener a la mano TODO lo necesario para fluir sinti\u00e9ndote preparada y chillax.<\/li>\n<\/ul>\n<h5>\u00bfC\u00f3mo recibo las Gu\u00edas?<\/h5>\n<p>El kit es descargable al momento en tu m\u00f3vil o tablet para que puedas tachar los pasos con un click cuantas veces quieras.<\/p>\n<p>Abajo te presento una muestra de las gu\u00edas interactivas (estilo checklist) que tendr\u00e1s en el kit:<\/p>\n<p><a href=\"https:\/\/pwdpr.com\/en\/?attachment_id=3031\" rel=\"attachment wp-att-2244\" style=\"transition-property: all;\"><img fetchpriority=\"high\" decoding=\"async\" src=\"https:\/\/pwdpr.com\/wp-content\/uploads\/2020\/12\/Guide-Sample-Product-Description-1024x432.png\" alt=\"\" width=\"750\" height=\"316\" class=\"aligncenter wp-image-3031 size-large\" srcset=\"https:\/\/pwdpr.com\/wp-content\/uploads\/2020\/12\/Guide-Sample-Product-Description-1024x432.png 1024w, https:\/\/pwdpr.com\/wp-content\/uploads\/2020\/12\/Guide-Sample-Product-Description-300x127.png 300w, https:\/\/pwdpr.com\/wp-content\/uploads\/2020\/12\/Guide-Sample-Product-Description-768x324.png 768w, https:\/\/pwdpr.com\/wp-content\/uploads\/2020\/12\/Guide-Sample-Product-Description-1536x648.png 1536w, https:\/\/pwdpr.com\/wp-content\/uploads\/2020\/12\/Guide-Sample-Product-Description-16x7.png 16w, https:\/\/pwdpr.com\/wp-content\/uploads\/2020\/12\/Guide-Sample-Product-Description-600x253.png 600w, https:\/\/pwdpr.com\/wp-content\/uploads\/2020\/12\/Guide-Sample-Product-Description.png 1585w\" sizes=\"(max-width: 750px) 100vw, 750px\" \/><\/a><\/p>\n<p><span>Al hacer la orden y enviar el pago, la tienda te dar\u00e1 acceso de inmediato al kit digital por email. Recibir\u00e1s un email como este. Lo \u00fanico que debes hacer es presionar el link en la columna de Download.<\/span><\/p>\n<p>&nbsp;<\/p>\n<p><a href=\"https:\/\/pwdpr.com\/en\/?attachment_id=3042\" rel=\"attachment wp-att-3007\"><img decoding=\"async\" src=\"https:\/\/pwdpr.com\/wp-content\/uploads\/2020\/12\/Webinar-Meeting-Kit-Download-Screen-1024x601.png\" alt=\"\" width=\"750\" height=\"440\" class=\"aligncenter wp-image-3042 size-large\" srcset=\"https:\/\/pwdpr.com\/wp-content\/uploads\/2020\/12\/Webinar-Meeting-Kit-Download-Screen-1024x601.png 1024w, https:\/\/pwdpr.com\/wp-content\/uploads\/2020\/12\/Webinar-Meeting-Kit-Download-Screen-300x176.png 300w, https:\/\/pwdpr.com\/wp-content\/uploads\/2020\/12\/Webinar-Meeting-Kit-Download-Screen-768x451.png 768w, https:\/\/pwdpr.com\/wp-content\/uploads\/2020\/12\/Webinar-Meeting-Kit-Download-Screen-16x9.png 16w, https:\/\/pwdpr.com\/wp-content\/uploads\/2020\/12\/Webinar-Meeting-Kit-Download-Screen-600x352.png 600w, https:\/\/pwdpr.com\/wp-content\/uploads\/2020\/12\/Webinar-Meeting-Kit-Download-Screen.png 1258w\" sizes=\"(max-width: 750px) 100vw, 750px\" \/><\/a>El link al archivo estar\u00e1 vigente por 7 d\u00edas luego de la compra para que bajes y grabes el archivo. Lo puedes bajar en hasta 2 dispositivos para que lo uses cuantas veces quieras.<\/p>\n<h5>Disclaimer<\/h5>\n<p>The digital files are protected intellectual property of Professional Writing and Development. Their use and reproduction in any format without previous authorization from Dr. Zaira Arvelo are prohibited.<\/p>\n<h5>Questions? Send me a message<\/h5>\n<div class=\"wpforms-container wpforms-container-full\" id=\"wpforms-2987\"><form id=\"wpforms-form-2987\" class=\"wpforms-validate wpforms-form\" data-formid=\"2987\" method=\"post\" enctype=\"multipart\/form-data\" action=\"\/en\/wp-json\/wp\/v2\/product\/2955\" data-token=\"2833184ade47017e3db9e349e557a723\" data-token-time=\"1776584697\" data-trp-original-action=\"\/en\/wp-json\/wp\/v2\/product\/2955\"><noscript class=\"wpforms-error-noscript\">Please enable JavaScript in your browser to complete this form.<\/noscript><div class=\"wpforms-field-container\"><div id=\"wpforms-2987-field_0-container\" class=\"wpforms-field wpforms-field-name\" data-field-id=\"0\"><label class=\"wpforms-field-label\">Name <span class=\"wpforms-required-label\">*<\/span><\/label><div class=\"wpforms-field-row wpforms-field-medium\"><div class=\"wpforms-field-row-block wpforms-first wpforms-one-half\"><input type=\"text\" id=\"wpforms-2987-field_0\" class=\"wpforms-field-name-first wpforms-field-required\" name=\"wpforms[fields][0][first]\" required><label for=\"wpforms-2987-field_0\" class=\"wpforms-field-sublabel after\">First<\/label><\/div><div class=\"wpforms-field-row-block wpforms-one-half\"><input type=\"text\" id=\"wpforms-2987-field_0-last\" class=\"wpforms-field-name-last wpforms-field-required\" name=\"wpforms[fields][0][last]\" required><label for=\"wpforms-2987-field_0-last\" class=\"wpforms-field-sublabel after\">Last<\/label><\/div><\/div><\/div><div id=\"wpforms-2987-field_1-container\" class=\"wpforms-field wpforms-field-email\" data-field-id=\"1\"><label class=\"wpforms-field-label\" for=\"wpforms-2987-field_1\">Email <span class=\"wpforms-required-label\">*<\/span><\/label><input type=\"email\" id=\"wpforms-2987-field_1\" class=\"wpforms-field-medium wpforms-field-required\" name=\"wpforms[fields][1]\" spellcheck=\"false\" required><\/div><div id=\"wpforms-2987-field_2-container\" class=\"wpforms-field wpforms-field-textarea\" data-field-id=\"2\"><label class=\"wpforms-field-label\" for=\"wpforms-2987-field_2\">Comment or Message <span class=\"wpforms-required-label\">*<\/span><\/label><textarea id=\"wpforms-2987-field_2\" class=\"wpforms-field-medium wpforms-field-required\" name=\"wpforms[fields][2]\" required><\/textarea><\/div><\/div><!-- .wpforms-field-container --><div class=\"wpforms-recaptcha-container wpforms-is-hcaptcha\" >\t\t<input\n\t\t\t\ttype=\"hidden\"\n\t\t\t\tclass=\"hcaptcha-widget-id\"\n\t\t\t\tname=\"hcaptcha-widget-id\"\n\t\t\t\tvalue=\"eyJzb3VyY2UiOlsid3Bmb3Jtc1wvd3Bmb3Jtcy5waHAiLCJ3cGZvcm1zLWxpdGVcL3dwZm9ybXMucGhwIl0sImZvcm1faWQiOjI5ODd9-6e954d9dca711f5a889c83d302d31366\">\n\t\t\t\t<h-captcha\n\t\t\tclass=\"h-captcha\"\n\t\t\tdata-sitekey=\"d8d98e6e-f226-468c-b4e4-4932af5cf2aa\"\n\t\t\tdata-theme=\"light\"\n\t\t\tdata-size=\"normal\"\n\t\t\tdata-auto=\"false\"\n\t\t\tdata-ajax=\"false\"\n\t\t\tdata-force=\"false\">\n\t\t<\/h-captcha>\n\t\t<input type=\"hidden\" id=\"hcaptcha_wpforms_nonce\" name=\"hcaptcha_wpforms_nonce\" value=\"ae255e8096\" \/><input type=\"hidden\" name=\"_wp_http_referer\" value=\"\/en\/wp-json\/wp\/v2\/product\/2955\" \/><\/div><div class=\"wpforms-submit-container\" ><input type=\"hidden\" name=\"wpforms[id]\" value=\"2987\"><input type=\"hidden\" name=\"page_title\" value=\"\"><input type=\"hidden\" name=\"page_url\" value=\"https:\/\/pwdpr.com\/en\/wp-json\/wp\/v2\/product\/2955\"><input type=\"hidden\" name=\"url_referer\" value=\"\"><button type=\"submit\" name=\"wpforms[submit]\" id=\"wpforms-submit-2987\" class=\"wpforms-submit\" data-alt-text=\"Sending...\" data-submit-text=\"Submit\" aria-live=\"assertive\" value=\"wpforms-submit\">Submit<\/button><\/div><input type=\"hidden\" name=\"trp-form-language\" value=\"en\"\/><\/form><\/div>  <!-- .wpforms-container -->","protected":false},"excerpt":{"rendered":"<p>La clave para participar exitosamente de una reuni\u00f3n online o lanzar un webinar de impacto es la preparaci\u00f3n. Conoce cada paso del antes y el durante de este tipo de sesi\u00f3n virtual con mi Webinar Meeting Kit.<\/p>","protected":false},"featured_media":3001,"comment_status":"open","ping_status":"closed","template":"","meta":[],"product_brand":[],"product_cat":[58,60,59],"product_tag":[],"class_list":{"0":"post-2955","1":"product","2":"type-product","3":"status-publish","4":"has-post-thumbnail","6":"product_cat-estudiante-graduado","7":"product_cat-profesional","8":"product_cat-universitario","10":"first","11":"instock","12":"sale","13":"featured","14":"downloadable","15":"sold-individually","16":"shipping-taxable","17":"purchasable","18":"product-type-simple"},"yoast_head":"<!-- This site is optimized with the Yoast SEO plugin v26.6 - https:\/\/yoast.com\/wordpress\/plugins\/seo\/ -->\n<title>Webinar Meeting Kit - Professional Writing and Development<\/title>\n<meta name=\"description\" content=\"2 herramientas digitales interactivas para empoderar tu comunicaci\u00f3n en tu pr\u00f3ximo meeting online y guiarte a lanzar tu webinar. Agara tu kit y brilla hoy.\" \/>\n<meta name=\"robots\" content=\"index, follow, max-snippet:-1, max-image-preview:large, max-video-preview:-1\" \/>\n<link rel=\"canonical\" href=\"https:\/\/pwdpr.com\/en\/product\/webinarkit\/\" \/>\n<meta property=\"og:locale\" content=\"en_US\" \/>\n<meta property=\"og:type\" content=\"article\" \/>\n<meta property=\"og:title\" content=\"Webinar Meeting Kit\" \/>\n<meta property=\"og:description\" content=\"2 herramientas digitales interactivas para empoderar tu comunicaci\u00f3n en tu pr\u00f3ximo meeting online y guiarte a lanzar tu webinar. Agara tu kit y brilla hoy.\" \/>\n<meta property=\"og:url\" content=\"https:\/\/pwdpr.com\/en\/product\/webinarkit\/\" \/>\n<meta property=\"og:site_name\" content=\"Professional Writing and Development\" \/>\n<meta property=\"article:publisher\" content=\"https:\/\/www.facebook.com\/drzairarvelo\" \/>\n<meta property=\"article:modified_time\" content=\"2024-07-31T19:14:07+00:00\" \/>\n<meta property=\"og:image\" content=\"https:\/\/pwdpr.com\/wp-content\/uploads\/2020\/12\/130757228_144125240480951_8236577016366655027_n-1024x768.png\" \/>\n\t<meta property=\"og:image:width\" content=\"1024\" \/>\n\t<meta property=\"og:image:height\" content=\"768\" \/>\n\t<meta property=\"og:image:type\" content=\"image\/png\" \/>\n<meta name=\"twitter:card\" content=\"summary_large_image\" \/>\n<meta name=\"twitter:title\" content=\"Webinar Meeting Kit\" \/>\n<meta name=\"twitter:description\" content=\"2 herramientas digitales interactivas para empoderar tu comunicaci\u00f3n en tu pr\u00f3ximo meeting online y guiarte a lanzar tu webinar. Agara tu kit y brilla hoy.\" \/>\n<meta name=\"twitter:image\" content=\"https:\/\/pwdpr.com\/wp-content\/uploads\/2020\/12\/130757228_144125240480951_8236577016366655027_n.png\" \/>\n<meta name=\"twitter:site\" content=\"@drzairarvelo\" \/>\n<meta name=\"twitter:label1\" content=\"Est. reading time\" \/>\n\t<meta name=\"twitter:data1\" content=\"3 minutes\" \/>\n<script type=\"application\/ld+json\" class=\"yoast-schema-graph\">{\"@context\":\"https:\/\/schema.org\",\"@graph\":[{\"@type\":\"WebPage\",\"@id\":\"https:\/\/pwdpr.com\/product\/webinarkit\",\"url\":\"https:\/\/pwdpr.com\/product\/webinarkit\",\"name\":\"Webinar Meeting Kit - Professional Writing and Development\",\"isPartOf\":{\"@id\":\"https:\/\/pwdpr.com\/en\/#website\"},\"primaryImageOfPage\":{\"@id\":\"https:\/\/pwdpr.com\/product\/webinarkit#primaryimage\"},\"image\":{\"@id\":\"https:\/\/pwdpr.com\/product\/webinarkit#primaryimage\"},\"thumbnailUrl\":\"https:\/\/pwdpr.com\/wp-content\/uploads\/2020\/12\/130757228_144125240480951_8236577016366655027_n.png\",\"datePublished\":\"2020-12-07T16:53:57+00:00\",\"dateModified\":\"2024-07-31T19:14:07+00:00\",\"description\":\"2 herramientas digitales interactivas para empoderar tu comunicaci\u00f3n en tu pr\u00f3ximo meeting online y guiarte a lanzar tu webinar. Agara tu kit y brilla hoy.\",\"breadcrumb\":{\"@id\":\"https:\/\/pwdpr.com\/product\/webinarkit#breadcrumb\"},\"inLanguage\":\"en-US\",\"potentialAction\":[{\"@type\":\"ReadAction\",\"target\":[\"https:\/\/pwdpr.com\/product\/webinarkit\"]}]},{\"@type\":\"ImageObject\",\"inLanguage\":\"en-US\",\"@id\":\"https:\/\/pwdpr.com\/product\/webinarkit#primaryimage\",\"url\":\"https:\/\/pwdpr.com\/wp-content\/uploads\/2020\/12\/130757228_144125240480951_8236577016366655027_n.png\",\"contentUrl\":\"https:\/\/pwdpr.com\/wp-content\/uploads\/2020\/12\/130757228_144125240480951_8236577016366655027_n.png\",\"width\":4000,\"height\":3000},{\"@type\":\"BreadcrumbList\",\"@id\":\"https:\/\/pwdpr.com\/product\/webinarkit#breadcrumb\",\"itemListElement\":[{\"@type\":\"ListItem\",\"position\":1,\"name\":\"Home\",\"item\":\"https:\/\/pwdpr.com\/\"},{\"@type\":\"ListItem\",\"position\":2,\"name\":\"Tienda\",\"item\":\"https:\/\/pwdpr.com\/en\/shop\"},{\"@type\":\"ListItem\",\"position\":3,\"name\":\"Webinar Meeting Kit\"}]},{\"@type\":\"WebSite\",\"@id\":\"https:\/\/pwdpr.com\/en\/#website\",\"url\":\"https:\/\/pwdpr.com\/en\/\",\"name\":\"Professional Writing & Development\",\"description\":\"\",\"publisher\":{\"@id\":\"https:\/\/pwdpr.com\/en\/#organization\"},\"potentialAction\":[{\"@type\":\"SearchAction\",\"target\":{\"@type\":\"EntryPoint\",\"urlTemplate\":\"https:\/\/pwdpr.com\/en\/?s={search_term_string}\"},\"query-input\":{\"@type\":\"PropertyValueSpecification\",\"valueRequired\":true,\"valueName\":\"search_term_string\"}}],\"inLanguage\":\"en-US\"},{\"@type\":\"Organization\",\"@id\":\"https:\/\/pwdpr.com\/en\/#organization\",\"name\":\"Professional Writing and Development\",\"url\":\"https:\/\/pwdpr.com\/en\/\",\"logo\":{\"@type\":\"ImageObject\",\"inLanguage\":\"en-US\",\"@id\":\"https:\/\/pwdpr.com\/en\/#\/schema\/logo\/image\/\",\"url\":\"https:\/\/pwdpr.com\/wp-content\/uploads\/2020\/03\/Muestra-Puente-Narranjito-2-Complete.png\",\"contentUrl\":\"https:\/\/pwdpr.com\/wp-content\/uploads\/2020\/03\/Muestra-Puente-Narranjito-2-Complete.png\",\"width\":709,\"height\":539,\"caption\":\"Professional Writing and Development\"},\"image\":{\"@id\":\"https:\/\/pwdpr.com\/en\/#\/schema\/logo\/image\/\"},\"sameAs\":[\"https:\/\/www.facebook.com\/drzairarvelo\",\"https:\/\/x.com\/drzairarvelo\",\"https:\/\/www.instagram.com\/pwdpr\",\"https:\/\/www.linkedin.com\/in\/zairaarvelo\/\",\"https:\/\/www.youtube.com\/pwdpr\"]}]}<\/script>\n<!-- \/ Yoast SEO plugin. -->","yoast_head_json":{"title":"Webinar Meeting Kit - Professional Writing and Development","description":"2 herramientas digitales interactivas para empoderar tu comunicaci\u00f3n en tu pr\u00f3ximo meeting online y guiarte a lanzar tu webinar. Agara tu kit y brilla hoy.","robots":{"index":"index","follow":"follow","max-snippet":"max-snippet:-1","max-image-preview":"max-image-preview:large","max-video-preview":"max-video-preview:-1"},"canonical":"https:\/\/pwdpr.com\/en\/product\/webinarkit\/","og_locale":"en_US","og_type":"article","og_title":"Webinar Meeting Kit","og_description":"2 herramientas digitales interactivas para empoderar tu comunicaci\u00f3n en tu pr\u00f3ximo meeting online y guiarte a lanzar tu webinar. Agara tu kit y brilla hoy.","og_url":"https:\/\/pwdpr.com\/en\/product\/webinarkit\/","og_site_name":"Professional Writing and Development","article_publisher":"https:\/\/www.facebook.com\/drzairarvelo","article_modified_time":"2024-07-31T19:14:07+00:00","og_image":[{"width":1024,"height":768,"url":"https:\/\/pwdpr.com\/wp-content\/uploads\/2020\/12\/130757228_144125240480951_8236577016366655027_n-1024x768.png","type":"image\/png"}],"twitter_card":"summary_large_image","twitter_title":"Webinar Meeting Kit","twitter_description":"2 herramientas digitales interactivas para empoderar tu comunicaci\u00f3n en tu pr\u00f3ximo meeting online y guiarte a lanzar tu webinar. Agara tu kit y brilla hoy.","twitter_image":"https:\/\/pwdpr.com\/wp-content\/uploads\/2020\/12\/130757228_144125240480951_8236577016366655027_n.png","twitter_site":"@drzairarvelo","twitter_misc":{"Est. reading time":"3 minutes"},"schema":{"@context":"https:\/\/schema.org","@graph":[{"@type":"WebPage","@id":"https:\/\/pwdpr.com\/product\/webinarkit","url":"https:\/\/pwdpr.com\/product\/webinarkit","name":"Webinar Meeting Kit - Professional Writing and Development","isPartOf":{"@id":"https:\/\/pwdpr.com\/en\/#website"},"primaryImageOfPage":{"@id":"https:\/\/pwdpr.com\/product\/webinarkit#primaryimage"},"image":{"@id":"https:\/\/pwdpr.com\/product\/webinarkit#primaryimage"},"thumbnailUrl":"https:\/\/pwdpr.com\/wp-content\/uploads\/2020\/12\/130757228_144125240480951_8236577016366655027_n.png","datePublished":"2020-12-07T16:53:57+00:00","dateModified":"2024-07-31T19:14:07+00:00","description":"2 herramientas digitales interactivas para empoderar tu comunicaci\u00f3n en tu pr\u00f3ximo meeting online y guiarte a lanzar tu webinar. Agara tu kit y brilla hoy.","breadcrumb":{"@id":"https:\/\/pwdpr.com\/product\/webinarkit#breadcrumb"},"inLanguage":"en-US","potentialAction":[{"@type":"ReadAction","target":["https:\/\/pwdpr.com\/product\/webinarkit"]}]},{"@type":"ImageObject","inLanguage":"en-US","@id":"https:\/\/pwdpr.com\/product\/webinarkit#primaryimage","url":"https:\/\/pwdpr.com\/wp-content\/uploads\/2020\/12\/130757228_144125240480951_8236577016366655027_n.png","contentUrl":"https:\/\/pwdpr.com\/wp-content\/uploads\/2020\/12\/130757228_144125240480951_8236577016366655027_n.png","width":4000,"height":3000},{"@type":"BreadcrumbList","@id":"https:\/\/pwdpr.com\/product\/webinarkit#breadcrumb","itemListElement":[{"@type":"ListItem","position":1,"name":"Home","item":"https:\/\/pwdpr.com\/"},{"@type":"ListItem","position":2,"name":"Tienda","item":"https:\/\/pwdpr.com\/en\/shop"},{"@type":"ListItem","position":3,"name":"Webinar Meeting Kit"}]},{"@type":"WebSite","@id":"https:\/\/pwdpr.com\/en\/#website","url":"https:\/\/pwdpr.com\/en\/","name":"Professional Writing & Development","description":"","publisher":{"@id":"https:\/\/pwdpr.com\/en\/#organization"},"potentialAction":[{"@type":"SearchAction","target":{"@type":"EntryPoint","urlTemplate":"https:\/\/pwdpr.com\/en\/?s={search_term_string}"},"query-input":{"@type":"PropertyValueSpecification","valueRequired":true,"valueName":"search_term_string"}}],"inLanguage":"en-US"},{"@type":"Organization","@id":"https:\/\/pwdpr.com\/en\/#organization","name":"Professional Writing and Development","url":"https:\/\/pwdpr.com\/en\/","logo":{"@type":"ImageObject","inLanguage":"en-US","@id":"https:\/\/pwdpr.com\/en\/#\/schema\/logo\/image\/","url":"https:\/\/pwdpr.com\/wp-content\/uploads\/2020\/03\/Muestra-Puente-Narranjito-2-Complete.png","contentUrl":"https:\/\/pwdpr.com\/wp-content\/uploads\/2020\/03\/Muestra-Puente-Narranjito-2-Complete.png","width":709,"height":539,"caption":"Professional Writing and Development"},"image":{"@id":"https:\/\/pwdpr.com\/en\/#\/schema\/logo\/image\/"},"sameAs":["https:\/\/www.facebook.com\/drzairarvelo","https:\/\/x.com\/drzairarvelo","https:\/\/www.instagram.com\/pwdpr","https:\/\/www.linkedin.com\/in\/zairaarvelo\/","https:\/\/www.youtube.com\/pwdpr"]}]}},"_links":{"self":[{"href":"https:\/\/pwdpr.com\/en\/wp-json\/wp\/v2\/product\/2955","targetHints":{"allow":["GET"]}}],"collection":[{"href":"https:\/\/pwdpr.com\/en\/wp-json\/wp\/v2\/product"}],"about":[{"href":"https:\/\/pwdpr.com\/en\/wp-json\/wp\/v2\/types\/product"}],"replies":[{"embeddable":true,"href":"https:\/\/pwdpr.com\/en\/wp-json\/wp\/v2\/comments?post=2955"}],"wp:featuredmedia":[{"embeddable":true,"href":"https:\/\/pwdpr.com\/en\/wp-json\/wp\/v2\/media\/3001"}],"wp:attachment":[{"href":"https:\/\/pwdpr.com\/en\/wp-json\/wp\/v2\/media?parent=2955"}],"wp:term":[{"taxonomy":"product_brand","embeddable":true,"href":"https:\/\/pwdpr.com\/en\/wp-json\/wp\/v2\/product_brand?post=2955"},{"taxonomy":"product_cat","embeddable":true,"href":"https:\/\/pwdpr.com\/en\/wp-json\/wp\/v2\/product_cat?post=2955"},{"taxonomy":"product_tag","embeddable":true,"href":"https:\/\/pwdpr.com\/en\/wp-json\/wp\/v2\/product_tag?post=2955"}],"curies":[{"name":"wp","href":"https:\/\/api.w.org\/{rel}","templated":true}]}}