{"id":1633,"date":"2019-08-13T11:10:28","date_gmt":"2019-08-13T15:10:28","guid":{"rendered":"https:\/\/pwdpr.com\/?post_type=product&#038;p=1633"},"modified":"2024-07-31T15:16:41","modified_gmt":"2024-07-31T19:16:41","slug":"curso-gradschool","status":"publish","type":"product","link":"https:\/\/pwdpr.com\/en\/product\/curso-gradschool","title":{"rendered":"Curso Online &#8211; Destino Grad School"},"content":{"rendered":"<h5>What does it include?<\/h5>\n<p>Online course that takes you from grad school planning to the submission stage. It is divided into 5 units and 28 video lessons:<\/p>\n<ul>\n<li>Unit 1: Choosing Colleges and Programs (9 lessons)<\/li>\n<li>Unit 2: Procuring the Recommendation Letters (4 lessons)<\/li>\n<li>Unit 3: Creating my Profile: R\u00e9sum\u00e9 and Curriculum Vitae (8 lessons)<\/li>\n<li>Unit 4: Crafting the Purpose Statement (3 lessons)<\/li>\n<li>Unit 5: Handling the Forms and Platforms (3 lessons)<\/li>\n<\/ul>\n<p>This video presents the course structure in more detail:<\/p>\n<p><iframe title=\"0.0 Course Intro\" width=\"750\" height=\"422\" src=\"https:\/\/www.youtube.com\/embed\/pJOMdJ4YSLk?feature=oembed\" frameborder=\"0\" allow=\"accelerometer; autoplay; clipboard-write; encrypted-media; gyroscope; picture-in-picture; web-share\" referrerpolicy=\"strict-origin-when-cross-origin\" allowfullscreen><\/iframe><\/p>\n<p>The course includes 12 tools:<\/p>\n<ul>\n<li>1 Interactive guide with deadlines and steps to apply to Grad School<\/li>\n<li>2 Tables to guide your research and annotate your findings about each institution<\/li>\n<li>4 Email templates to request recommendation letters<\/li>\n<li>4 Templates to develop your r\u00e9sum\u00e9<\/li>\n<li>1 Supplementary sheet to strengthen your r\u00e9sum\u00e9's experience section<\/li>\n<\/ul>\n<p>You receive unlimited access to the course and its materials within 24 hours of placing your order.<\/p>\n<h5>Value<\/h5>\n<p>Save time and avoid having to crack the Grad School code. I have already done this multiple times personally (for my masters and doctorate) and for my clients and students who have enrolled at Purdue, Brown, John Hopkins, UConn, Wisconsin Madison, among others. And that's why I've prepared the course.<\/p>\n<div id=\"attachment_1634\" style=\"width: 235px\" class=\"wp-caption alignleft\"><a href=\"https:\/\/pwdpr.com\/en\/?attachment_id=1634\" rel=\"attachment wp-att-1634\"><img fetchpriority=\"high\" decoding=\"async\" aria-describedby=\"caption-attachment-1634\" src=\"https:\/\/pwdpr.com\/wp-content\/uploads\/2019\/08\/10313135_10208326786356769_3992152602489859226_n-225x300.jpg\" alt=\"\" width=\"225\" height=\"300\" class=\"wp-image-1634 size-medium\" srcset=\"\" sizes=\"(max-width: 225px) 100vw, 225px\" data-srcset=\"\" \/><\/a><p id=\"caption-attachment-1634\" class=\"wp-caption-text\">My advisor and I during my PhD graduation at Purdue (2015)<\/p><\/div>\n<p>Feel confident when developing your package whether they ask for a r\u00e9sum\u00e9, a curriculum vitae, or a purpose statement. I explain each genre using real world examples.<\/p>\n<p>In addition, you get a zip file full of resources to aid you in the process of identifying and evaluating colleges.<\/p>\n<p>More course <a href=\"https:\/\/pwdpr.com\/en\/grad-school-course\/\">info.<\/a><\/p>\n<p>More info about the <a href=\"https:\/\/pwdpr.com\/en\/academy\/\">virtual academy<\/a>.<\/p>\n<h5><\/h5>\n<h5>Admissions<\/h5>\n<p>The course is in rolling admissions, which means you can register and start whenever you want.<\/p>\n<h5>Disclaimer<\/h5>\n<p>No refunds or transfers of money to other services will be made. When paying, the client understands and commits to the following statements:<\/p>\n<ul>\n<li>I understand the course is 100% online.<\/li>\n<li>I own a device (to access, play content, and complete sheets).<\/li>\n<li>I have earbuds or a head set to play each lesson.<\/li>\n<li>Will download the mobile app (Moodle) or bookmark the course page (if using a PC or Mac) to complete the course.<\/li>\n<li>My device has available space or memory for the course files.<\/li>\n<li>I have an Internet connection or data plan to enjoy the course.<\/li>\n<li>I will monitor my email account for course updates.<\/li>\n<\/ul>\n<h5>Still need convincing? Send me your doubts:<\/h5>\n<div class=\"wpforms-container wpforms-container-full\" id=\"wpforms-2642\"><form id=\"wpforms-form-2642\" class=\"wpforms-validate wpforms-form\" data-formid=\"2642\" method=\"post\" enctype=\"multipart\/form-data\" action=\"\/en\/wp-json\/wp\/v2\/product\/1633\" data-token=\"1a3c86117dcd9fb68cd0b935037ab2b8\" data-token-time=\"1776765103\" data-trp-original-action=\"\/en\/wp-json\/wp\/v2\/product\/1633\"><noscript class=\"wpforms-error-noscript\">Please enable JavaScript in your browser to complete this form.<\/noscript><div class=\"wpforms-field-container\"><div id=\"wpforms-2642-field_0-container\" class=\"wpforms-field wpforms-field-name\" data-field-id=\"0\"><label class=\"wpforms-field-label\">Name <span class=\"wpforms-required-label\">*<\/span><\/label><div class=\"wpforms-field-row wpforms-field-medium\"><div class=\"wpforms-field-row-block wpforms-first wpforms-one-half\"><input type=\"text\" id=\"wpforms-2642-field_0\" class=\"wpforms-field-name-first wpforms-field-required\" name=\"wpforms[fields][0][first]\" required><label for=\"wpforms-2642-field_0\" class=\"wpforms-field-sublabel after\">First<\/label><\/div><div class=\"wpforms-field-row-block wpforms-one-half\"><input type=\"text\" id=\"wpforms-2642-field_0-last\" class=\"wpforms-field-name-last wpforms-field-required\" name=\"wpforms[fields][0][last]\" required><label for=\"wpforms-2642-field_0-last\" class=\"wpforms-field-sublabel after\">Last<\/label><\/div><\/div><\/div><div id=\"wpforms-2642-field_1-container\" class=\"wpforms-field wpforms-field-email\" data-field-id=\"1\"><label class=\"wpforms-field-label\" for=\"wpforms-2642-field_1\">Email <span class=\"wpforms-required-label\">*<\/span><\/label><input type=\"email\" id=\"wpforms-2642-field_1\" class=\"wpforms-field-medium wpforms-field-required\" name=\"wpforms[fields][1]\" spellcheck=\"false\" required><\/div><div id=\"wpforms-2642-field_3-container\" class=\"wpforms-field wpforms-field-checkbox\" data-field-id=\"3\"><label class=\"wpforms-field-label\">I need your help with<\/label><ul id=\"wpforms-2642-field_3\"><li class=\"choice-1 depth-1\"><input type=\"checkbox\" id=\"wpforms-2642-field_3_1\" name=\"wpforms[fields][3][]\" value=\"Escribiendo\"  ><label class=\"wpforms-field-label-inline\" for=\"wpforms-2642-field_3_1\">Writing<\/label><\/li><li class=\"choice-2 depth-1\"><input type=\"checkbox\" id=\"wpforms-2642-field_3_2\" name=\"wpforms[fields][3][]\" value=\"Editando\"  ><label class=\"wpforms-field-label-inline\" for=\"wpforms-2642-field_3_2\">Editing<\/label><\/li><li class=\"choice-3 depth-1\"><input type=\"checkbox\" id=\"wpforms-2642-field_3_3\" name=\"wpforms[fields][3][]\" value=\"Traduciendo\"  ><label class=\"wpforms-field-label-inline\" for=\"wpforms-2642-field_3_3\">Translation<\/label><\/li><li class=\"choice-4 depth-1\"><input type=\"checkbox\" id=\"wpforms-2642-field_3_4\" name=\"wpforms[fields][3][]\" value=\"Capacitando\"  ><label class=\"wpforms-field-label-inline\" for=\"wpforms-2642-field_3_4\">Training<\/label><\/li><\/ul><\/div><div id=\"wpforms-2642-field_2-container\" class=\"wpforms-field wpforms-field-textarea\" data-field-id=\"2\"><label class=\"wpforms-field-label\" for=\"wpforms-2642-field_2\">Comment or Message <span class=\"wpforms-required-label\">*<\/span><\/label><textarea id=\"wpforms-2642-field_2\" class=\"wpforms-field-medium wpforms-field-required\" name=\"wpforms[fields][2]\" required><\/textarea><\/div><\/div><!-- .wpforms-field-container --><div class=\"wpforms-recaptcha-container wpforms-is-hcaptcha\" >\t\t<input\n\t\t\t\ttype=\"hidden\"\n\t\t\t\tclass=\"hcaptcha-widget-id\"\n\t\t\t\tname=\"hcaptcha-widget-id\"\n\t\t\t\tvalue=\"eyJzb3VyY2UiOlsid3Bmb3Jtc1wvd3Bmb3Jtcy5waHAiLCJ3cGZvcm1zLWxpdGVcL3dwZm9ybXMucGhwIl0sImZvcm1faWQiOjI2NDJ9-02d6aff76937dc6b0483867a220fa777\">\n\t\t\t\t<h-captcha\n\t\t\tclass=\"h-captcha\"\n\t\t\tdata-sitekey=\"d8d98e6e-f226-468c-b4e4-4932af5cf2aa\"\n\t\t\tdata-theme=\"light\"\n\t\t\tdata-size=\"normal\"\n\t\t\tdata-auto=\"false\"\n\t\t\tdata-ajax=\"false\"\n\t\t\tdata-force=\"false\">\n\t\t<\/h-captcha>\n\t\t<input type=\"hidden\" id=\"hcaptcha_wpforms_nonce\" name=\"hcaptcha_wpforms_nonce\" value=\"ea0cd431c5\" \/><input type=\"hidden\" name=\"_wp_http_referer\" value=\"\/en\/wp-json\/wp\/v2\/product\/1633\" \/><\/div><div class=\"wpforms-submit-container\" ><input type=\"hidden\" name=\"wpforms[id]\" value=\"2642\"><input type=\"hidden\" name=\"page_title\" value=\"\"><input type=\"hidden\" name=\"page_url\" value=\"https:\/\/pwdpr.com\/en\/wp-json\/wp\/v2\/product\/1633\"><input type=\"hidden\" name=\"url_referer\" value=\"\"><button type=\"submit\" name=\"wpforms[submit]\" id=\"wpforms-submit-2642\" class=\"wpforms-submit\" data-alt-text=\"Sending...\" data-submit-text=\"Submit\" aria-live=\"assertive\" value=\"wpforms-submit\">Submit<\/button><\/div><input type=\"hidden\" name=\"trp-form-language\" value=\"en\"\/><\/form><\/div>  <!-- .wpforms-container -->","protected":false},"excerpt":{"rendered":"<p>YES! So you decided to go to Grad School. What's next?<\/p>","protected":false},"featured_media":2601,"comment_status":"closed","ping_status":"closed","template":"","meta":[],"product_brand":[],"product_cat":[59],"product_tag":[84,85,81,82,83,86],"class_list":{"0":"post-1633","1":"product","2":"type-product","3":"status-publish","4":"has-post-thumbnail","6":"product_cat-universitario","7":"product_tag-comunicacion-verbal","8":"product_tag-curso-en-linea","9":"product_tag-entrevista","10":"product_tag-ingles","11":"product_tag-ingles-tecnico","12":"product_tag-online-course","14":"first","15":"outofstock","16":"featured","17":"virtual","18":"sold-individually","19":"purchasable","20":"product-type-simple"},"yoast_head":"<!-- This site is optimized with the Yoast SEO plugin v26.6 - https:\/\/yoast.com\/wordpress\/plugins\/seo\/ -->\n<title>Curso Online - Destino Grad School - Professional Writing and Development<\/title>\n<meta name=\"description\" content=\"Aprende online c\u00f3mo escoger universidades, solicitar a grad school, escribir tu cv, resume y personal statement, y obtener las cartas de recomendaci\u00f3n.\" \/>\n<meta name=\"robots\" content=\"index, follow, max-snippet:-1, max-image-preview:large, max-video-preview:-1\" \/>\n<link rel=\"canonical\" href=\"https:\/\/pwdpr.com\/en\/product\/curso-gradschool\/\" \/>\n<meta property=\"og:locale\" content=\"en_US\" \/>\n<meta property=\"og:type\" content=\"article\" \/>\n<meta property=\"og:title\" content=\"Abierto YA - Curso Online Destino Grad School\" \/>\n<meta property=\"og:description\" content=\"Aprende online c\u00f3mo escoger universidades, solicitar a grad school, escribir tu cv, resume y personal statement, y obtener las cartas de recomendaci\u00f3n.\" \/>\n<meta property=\"og:url\" content=\"https:\/\/pwdpr.com\/en\/product\/curso-gradschool\/\" \/>\n<meta property=\"og:site_name\" content=\"Professional Writing and Development\" \/>\n<meta property=\"article:publisher\" content=\"https:\/\/www.facebook.com\/drzairarvelo\" \/>\n<meta property=\"article:modified_time\" content=\"2024-07-31T19:16:41+00:00\" \/>\n<meta property=\"og:image\" content=\"https:\/\/pwdpr.com\/wp-content\/uploads\/2019\/08\/Destino-Grad-School-Mock-up-1024x634.png\" \/>\n\t<meta property=\"og:image:width\" content=\"1024\" \/>\n\t<meta property=\"og:image:height\" content=\"634\" \/>\n\t<meta property=\"og:image:type\" content=\"image\/png\" \/>\n<meta name=\"twitter:card\" content=\"summary_large_image\" \/>\n<meta name=\"twitter:title\" content=\"Abierto YA - Curso Online Destino Grad School\" \/>\n<meta name=\"twitter:description\" content=\"Qu\u00edtale el misterio. En realidad es un proceso con una estructura bien predecible despu\u00e9s que la conoces. D\u00e9jame ayudarte.\" \/>\n<meta name=\"twitter:image\" content=\"https:\/\/pwdpr.com\/wp-content\/uploads\/2019\/08\/Destino-Grad-School-Mock-up.png\" \/>\n<meta name=\"twitter:site\" content=\"@drzairarvelo\" \/>\n<meta name=\"twitter:label1\" content=\"Est. reading time\" \/>\n\t<meta name=\"twitter:data1\" content=\"3 minutes\" \/>\n<script type=\"application\/ld+json\" class=\"yoast-schema-graph\">{\"@context\":\"https:\/\/schema.org\",\"@graph\":[{\"@type\":\"WebPage\",\"@id\":\"https:\/\/pwdpr.com\/product\/curso-gradschool\",\"url\":\"https:\/\/pwdpr.com\/product\/curso-gradschool\",\"name\":\"Curso Online - Destino Grad School - Professional Writing and Development\",\"isPartOf\":{\"@id\":\"https:\/\/pwdpr.com\/en\/#website\"},\"primaryImageOfPage\":{\"@id\":\"https:\/\/pwdpr.com\/product\/curso-gradschool#primaryimage\"},\"image\":{\"@id\":\"https:\/\/pwdpr.com\/product\/curso-gradschool#primaryimage\"},\"thumbnailUrl\":\"https:\/\/pwdpr.com\/wp-content\/uploads\/2019\/08\/Destino-Grad-School-Mock-up.png\",\"datePublished\":\"2019-08-13T15:10:28+00:00\",\"dateModified\":\"2024-07-31T19:16:41+00:00\",\"description\":\"Aprende online c\u00f3mo escoger universidades, solicitar a grad school, escribir tu cv, resume y personal statement, y obtener las cartas de recomendaci\u00f3n.\",\"breadcrumb\":{\"@id\":\"https:\/\/pwdpr.com\/product\/curso-gradschool#breadcrumb\"},\"inLanguage\":\"en-US\",\"potentialAction\":[{\"@type\":\"ReadAction\",\"target\":[\"https:\/\/pwdpr.com\/product\/curso-gradschool\"]}]},{\"@type\":\"ImageObject\",\"inLanguage\":\"en-US\",\"@id\":\"https:\/\/pwdpr.com\/product\/curso-gradschool#primaryimage\",\"url\":\"https:\/\/pwdpr.com\/wp-content\/uploads\/2019\/08\/Destino-Grad-School-Mock-up.png\",\"contentUrl\":\"https:\/\/pwdpr.com\/wp-content\/uploads\/2019\/08\/Destino-Grad-School-Mock-up.png\",\"width\":1920,\"height\":1188,\"caption\":\"Destino Grad School - Dr. Zaira Arvelo\"},{\"@type\":\"BreadcrumbList\",\"@id\":\"https:\/\/pwdpr.com\/product\/curso-gradschool#breadcrumb\",\"itemListElement\":[{\"@type\":\"ListItem\",\"position\":1,\"name\":\"Home\",\"item\":\"https:\/\/pwdpr.com\/\"},{\"@type\":\"ListItem\",\"position\":2,\"name\":\"Tienda\",\"item\":\"https:\/\/pwdpr.com\/en\/shop\"},{\"@type\":\"ListItem\",\"position\":3,\"name\":\"Curso Online &#8211; Destino Grad School\"}]},{\"@type\":\"WebSite\",\"@id\":\"https:\/\/pwdpr.com\/en\/#website\",\"url\":\"https:\/\/pwdpr.com\/en\/\",\"name\":\"Professional Writing & Development\",\"description\":\"\",\"publisher\":{\"@id\":\"https:\/\/pwdpr.com\/en\/#organization\"},\"potentialAction\":[{\"@type\":\"SearchAction\",\"target\":{\"@type\":\"EntryPoint\",\"urlTemplate\":\"https:\/\/pwdpr.com\/en\/?s={search_term_string}\"},\"query-input\":{\"@type\":\"PropertyValueSpecification\",\"valueRequired\":true,\"valueName\":\"search_term_string\"}}],\"inLanguage\":\"en-US\"},{\"@type\":\"Organization\",\"@id\":\"https:\/\/pwdpr.com\/en\/#organization\",\"name\":\"Professional Writing and Development\",\"url\":\"https:\/\/pwdpr.com\/en\/\",\"logo\":{\"@type\":\"ImageObject\",\"inLanguage\":\"en-US\",\"@id\":\"https:\/\/pwdpr.com\/en\/#\/schema\/logo\/image\/\",\"url\":\"https:\/\/pwdpr.com\/wp-content\/uploads\/2020\/03\/Muestra-Puente-Narranjito-2-Complete.png\",\"contentUrl\":\"https:\/\/pwdpr.com\/wp-content\/uploads\/2020\/03\/Muestra-Puente-Narranjito-2-Complete.png\",\"width\":709,\"height\":539,\"caption\":\"Professional Writing and Development\"},\"image\":{\"@id\":\"https:\/\/pwdpr.com\/en\/#\/schema\/logo\/image\/\"},\"sameAs\":[\"https:\/\/www.facebook.com\/drzairarvelo\",\"https:\/\/x.com\/drzairarvelo\",\"https:\/\/www.instagram.com\/pwdpr\",\"https:\/\/www.linkedin.com\/in\/zairaarvelo\/\",\"https:\/\/www.youtube.com\/pwdpr\"]}]}<\/script>\n<!-- \/ Yoast SEO plugin. -->","yoast_head_json":{"title":"Curso Online - Destino Grad School - Professional Writing and Development","description":"Aprende online c\u00f3mo escoger universidades, solicitar a grad school, escribir tu cv, resume y personal statement, y obtener las cartas de recomendaci\u00f3n.","robots":{"index":"index","follow":"follow","max-snippet":"max-snippet:-1","max-image-preview":"max-image-preview:large","max-video-preview":"max-video-preview:-1"},"canonical":"https:\/\/pwdpr.com\/en\/product\/curso-gradschool\/","og_locale":"en_US","og_type":"article","og_title":"Abierto YA - Curso Online Destino Grad School","og_description":"Aprende online c\u00f3mo escoger universidades, solicitar a grad school, escribir tu cv, resume y personal statement, y obtener las cartas de recomendaci\u00f3n.","og_url":"https:\/\/pwdpr.com\/en\/product\/curso-gradschool\/","og_site_name":"Professional Writing and Development","article_publisher":"https:\/\/www.facebook.com\/drzairarvelo","article_modified_time":"2024-07-31T19:16:41+00:00","og_image":[{"width":1024,"height":634,"url":"https:\/\/pwdpr.com\/wp-content\/uploads\/2019\/08\/Destino-Grad-School-Mock-up-1024x634.png","type":"image\/png"}],"twitter_card":"summary_large_image","twitter_title":"Abierto YA - Curso Online Destino Grad School","twitter_description":"Qu\u00edtale el misterio. En realidad es un proceso con una estructura bien predecible despu\u00e9s que la conoces. D\u00e9jame ayudarte.","twitter_image":"https:\/\/pwdpr.com\/wp-content\/uploads\/2019\/08\/Destino-Grad-School-Mock-up.png","twitter_site":"@drzairarvelo","twitter_misc":{"Est. reading time":"3 minutes"},"schema":{"@context":"https:\/\/schema.org","@graph":[{"@type":"WebPage","@id":"https:\/\/pwdpr.com\/product\/curso-gradschool","url":"https:\/\/pwdpr.com\/product\/curso-gradschool","name":"Curso Online - Destino Grad School - Professional Writing and Development","isPartOf":{"@id":"https:\/\/pwdpr.com\/en\/#website"},"primaryImageOfPage":{"@id":"https:\/\/pwdpr.com\/product\/curso-gradschool#primaryimage"},"image":{"@id":"https:\/\/pwdpr.com\/product\/curso-gradschool#primaryimage"},"thumbnailUrl":"https:\/\/pwdpr.com\/wp-content\/uploads\/2019\/08\/Destino-Grad-School-Mock-up.png","datePublished":"2019-08-13T15:10:28+00:00","dateModified":"2024-07-31T19:16:41+00:00","description":"Aprende online c\u00f3mo escoger universidades, solicitar a grad school, escribir tu cv, resume y personal statement, y obtener las cartas de recomendaci\u00f3n.","breadcrumb":{"@id":"https:\/\/pwdpr.com\/product\/curso-gradschool#breadcrumb"},"inLanguage":"en-US","potentialAction":[{"@type":"ReadAction","target":["https:\/\/pwdpr.com\/product\/curso-gradschool"]}]},{"@type":"ImageObject","inLanguage":"en-US","@id":"https:\/\/pwdpr.com\/product\/curso-gradschool#primaryimage","url":"https:\/\/pwdpr.com\/wp-content\/uploads\/2019\/08\/Destino-Grad-School-Mock-up.png","contentUrl":"https:\/\/pwdpr.com\/wp-content\/uploads\/2019\/08\/Destino-Grad-School-Mock-up.png","width":1920,"height":1188,"caption":"Destino Grad School - Dr. Zaira Arvelo"},{"@type":"BreadcrumbList","@id":"https:\/\/pwdpr.com\/product\/curso-gradschool#breadcrumb","itemListElement":[{"@type":"ListItem","position":1,"name":"Home","item":"https:\/\/pwdpr.com\/"},{"@type":"ListItem","position":2,"name":"Tienda","item":"https:\/\/pwdpr.com\/en\/shop"},{"@type":"ListItem","position":3,"name":"Curso Online &#8211; Destino Grad School"}]},{"@type":"WebSite","@id":"https:\/\/pwdpr.com\/en\/#website","url":"https:\/\/pwdpr.com\/en\/","name":"Professional Writing & Development","description":"","publisher":{"@id":"https:\/\/pwdpr.com\/en\/#organization"},"potentialAction":[{"@type":"SearchAction","target":{"@type":"EntryPoint","urlTemplate":"https:\/\/pwdpr.com\/en\/?s={search_term_string}"},"query-input":{"@type":"PropertyValueSpecification","valueRequired":true,"valueName":"search_term_string"}}],"inLanguage":"en-US"},{"@type":"Organization","@id":"https:\/\/pwdpr.com\/en\/#organization","name":"Professional Writing and Development","url":"https:\/\/pwdpr.com\/en\/","logo":{"@type":"ImageObject","inLanguage":"en-US","@id":"https:\/\/pwdpr.com\/en\/#\/schema\/logo\/image\/","url":"https:\/\/pwdpr.com\/wp-content\/uploads\/2020\/03\/Muestra-Puente-Narranjito-2-Complete.png","contentUrl":"https:\/\/pwdpr.com\/wp-content\/uploads\/2020\/03\/Muestra-Puente-Narranjito-2-Complete.png","width":709,"height":539,"caption":"Professional Writing and Development"},"image":{"@id":"https:\/\/pwdpr.com\/en\/#\/schema\/logo\/image\/"},"sameAs":["https:\/\/www.facebook.com\/drzairarvelo","https:\/\/x.com\/drzairarvelo","https:\/\/www.instagram.com\/pwdpr","https:\/\/www.linkedin.com\/in\/zairaarvelo\/","https:\/\/www.youtube.com\/pwdpr"]}]}},"_links":{"self":[{"href":"https:\/\/pwdpr.com\/en\/wp-json\/wp\/v2\/product\/1633","targetHints":{"allow":["GET"]}}],"collection":[{"href":"https:\/\/pwdpr.com\/en\/wp-json\/wp\/v2\/product"}],"about":[{"href":"https:\/\/pwdpr.com\/en\/wp-json\/wp\/v2\/types\/product"}],"replies":[{"embeddable":true,"href":"https:\/\/pwdpr.com\/en\/wp-json\/wp\/v2\/comments?post=1633"}],"wp:featuredmedia":[{"embeddable":true,"href":"https:\/\/pwdpr.com\/en\/wp-json\/wp\/v2\/media\/2601"}],"wp:attachment":[{"href":"https:\/\/pwdpr.com\/en\/wp-json\/wp\/v2\/media?parent=1633"}],"wp:term":[{"taxonomy":"product_brand","embeddable":true,"href":"https:\/\/pwdpr.com\/en\/wp-json\/wp\/v2\/product_brand?post=1633"},{"taxonomy":"product_cat","embeddable":true,"href":"https:\/\/pwdpr.com\/en\/wp-json\/wp\/v2\/product_cat?post=1633"},{"taxonomy":"product_tag","embeddable":true,"href":"https:\/\/pwdpr.com\/en\/wp-json\/wp\/v2\/product_tag?post=1633"}],"curies":[{"name":"wp","href":"https:\/\/api.w.org\/{rel}","templated":true}]}}