{"id":1569,"date":"2019-08-09T14:26:26","date_gmt":"2019-08-09T18:26:26","guid":{"rendered":"https:\/\/pwdpr.com\/?post_type=product&#038;p=1569"},"modified":"2024-04-21T09:52:49","modified_gmt":"2024-04-21T13:52:49","slug":"vip-editing-bundle","status":"publish","type":"product","link":"https:\/\/pwdpr.com\/en\/product\/vip-editing-bundle","title":{"rendered":"VIP Semester Editing Bundle"},"content":{"rendered":"<h5>Value<\/h5>\n<p>Secure your private editor today and spend a relaxing next 5 months. Live with the security that in just 24 hours your manuscript will be ready to be submitted because you are one of my VIPs (very important person).<\/p>\n<p>Get rid of the English grammar nightmare, and focus on your ideas and how they flow. I will take care of all of those errors with commas, tenses, singular and plural forms of the verbs.<\/p>\n<p>I will also work on your APA style for the cover page, in-text citations, page numbers, and references.<\/p>\n<h5>Is it for me?<\/h5>\n<p>If you can answer yes to any of these statements, it is for you. One: you already know you must submit written work in English. Two: you hate having to work with APA format.<\/p>\n<h5>Cost<\/h5>\n<ul>\n<li>Valued at $500.00.<\/li>\n<li>Product opens August 19, 2022 and closes December 10, 2022<\/li>\n<li>It includes editing for a maximum of 50 pages or 14,000 words between those dates (5 months or the equivalent of one semester).<\/li>\n<li>One page is the equivalent to 280 words in a letter type such as Times New Roman size 12 using double space. The only thing you need to do is upload your paper (no longer than eight pages) to Google Drive (using the link you will receive upon paying for the service) no later than 24 hours before your deadline. In other words, if you must submit by April 16th, you will upload it by April 15th before midnight (AST). It is that simple.<\/li>\n<\/ul>\n<h5>Perks<\/h5>\n<ul>\n<li>Dedicate your time to prepping for your classes and exams.<\/li>\n<li>100% online (order, payment, delivery)<\/li>\n<li>Guaranteed expedited proofreading<\/li>\n<li>How is it different from paying for each essay separately? You save on the individual checkout fee, you ensure having editing funds when you need them, and you are treated as a VIP: placed at the top of the queque. Just upload the paper and DONE.<\/li>\n<\/ul>\n<h5>Disclaimer<\/h5>\n<ul>\n<li>We do not edit files translated by Google Translate (we refuse the right to cancel said orders).<\/li>\n<li>Grammar editing is only done in English and it includes spelling, tense, number, and syntax (order of the words within a sentence). This service does not include paragraphing or coherence (order of ideas).<\/li>\n<li>We follow official guidelines from the APA and MLA to format files. We do not accept professor developed style formatting.<\/li>\n<li>A perfect reference list requires you to gather the details for every source and to know the source type: book, book chapter, magazine, website, blog, report, thesis, etc. I'm pretty good at this, but I cannot perform magic.<\/li>\n<li>Documents must be uploaded in .doc or .docx format.<\/li>\n<li>Documents must be labeled using the client's first and last names: Ex. Essay1-A.Munoz<\/li>\n<\/ul>\n<h5><translate-press data-trp-translate-id=\"6489\" data-trp-node-group=\"Lista de cadenas\" class=\"\">Want to learn on your own?<\/translate-press><\/h5>\n<p><a href=\"https:\/\/pwdpr.com\/en\/category\/gramaticaeningles\/\" data-trp-original-href=\"https:\/\/pwdpr.com\/category\/video-conference\" target=\"_self\" data-trp-original-target=\"_self\" rel=\"noopener noreferrer\"><translate-press data-trp-translate-id=\"6490\" data-trp-node-group=\"Lista de cadenas\" class=\"\">Check out my blogs on English grammar.<\/translate-press><\/a>.<\/p>\n<h5><translate-press data-trp-translate-id=\"6491\" data-trp-node-group=\"Lista de cadenas\" class=\"trp-highlight\">Questions? Send me a message<\/translate-press><\/h5>\n<div class=\"wpforms-container wpforms-container-full\" id=\"wpforms-2702\"><form id=\"wpforms-form-2702\" class=\"wpforms-validate wpforms-form\" data-formid=\"2702\" method=\"post\" enctype=\"multipart\/form-data\" action=\"\/en\/wp-json\/wp\/v2\/product\/1569\" data-token=\"b4bcabd4f47e50c17da11c38967edc0b\" data-token-time=\"1776934655\" data-trp-original-action=\"\/en\/wp-json\/wp\/v2\/product\/1569\"><noscript class=\"wpforms-error-noscript\">Please enable JavaScript in your browser to complete this form.<\/noscript><div class=\"wpforms-field-container\"><div id=\"wpforms-2702-field_0-container\" class=\"wpforms-field wpforms-field-name\" data-field-id=\"0\"><label class=\"wpforms-field-label\" for=\"wpforms-2702-field_0\">Name <span class=\"wpforms-required-label\">*<\/span><\/label><input type=\"text\" id=\"wpforms-2702-field_0\" class=\"wpforms-field-medium wpforms-field-required\" name=\"wpforms[fields][0]\" required><\/div><div id=\"wpforms-2702-field_1-container\" class=\"wpforms-field wpforms-field-email\" data-field-id=\"1\"><label class=\"wpforms-field-label\" for=\"wpforms-2702-field_1\">Email <span class=\"wpforms-required-label\">*<\/span><\/label><input type=\"email\" id=\"wpforms-2702-field_1\" class=\"wpforms-field-medium wpforms-field-required\" name=\"wpforms[fields][1]\" spellcheck=\"false\" required><\/div><div id=\"wpforms-2702-field_3-container\" class=\"wpforms-field wpforms-field-checkbox\" data-field-id=\"3\"><label class=\"wpforms-field-label\">I need your help with<\/label><ul id=\"wpforms-2702-field_3\"><li class=\"choice-1 depth-1\"><input type=\"checkbox\" id=\"wpforms-2702-field_3_1\" name=\"wpforms[fields][3][]\" value=\"Escribiendo\"  ><label class=\"wpforms-field-label-inline\" for=\"wpforms-2702-field_3_1\">Writing<\/label><\/li><li class=\"choice-2 depth-1\"><input type=\"checkbox\" id=\"wpforms-2702-field_3_2\" name=\"wpforms[fields][3][]\" value=\"Editando\"  ><label class=\"wpforms-field-label-inline\" for=\"wpforms-2702-field_3_2\">Editing<\/label><\/li><li class=\"choice-3 depth-1\"><input type=\"checkbox\" id=\"wpforms-2702-field_3_3\" name=\"wpforms[fields][3][]\" value=\"Traduciendo\"  ><label class=\"wpforms-field-label-inline\" for=\"wpforms-2702-field_3_3\">Translation<\/label><\/li><li class=\"choice-4 depth-1\"><input type=\"checkbox\" id=\"wpforms-2702-field_3_4\" name=\"wpforms[fields][3][]\" value=\"Capacitando\"  ><label class=\"wpforms-field-label-inline\" for=\"wpforms-2702-field_3_4\">Training<\/label><\/li><\/ul><\/div><div id=\"wpforms-2702-field_2-container\" class=\"wpforms-field wpforms-field-textarea\" data-field-id=\"2\"><label class=\"wpforms-field-label\" for=\"wpforms-2702-field_2\">Comment or Message <span class=\"wpforms-required-label\">*<\/span><\/label><textarea id=\"wpforms-2702-field_2\" class=\"wpforms-field-medium wpforms-field-required\" name=\"wpforms[fields][2]\" required><\/textarea><\/div><\/div><!-- .wpforms-field-container --><div class=\"wpforms-recaptcha-container wpforms-is-hcaptcha\" >\t\t<input\n\t\t\t\ttype=\"hidden\"\n\t\t\t\tclass=\"hcaptcha-widget-id\"\n\t\t\t\tname=\"hcaptcha-widget-id\"\n\t\t\t\tvalue=\"eyJzb3VyY2UiOlsid3Bmb3Jtc1wvd3Bmb3Jtcy5waHAiLCJ3cGZvcm1zLWxpdGVcL3dwZm9ybXMucGhwIl0sImZvcm1faWQiOjI3MDJ9-ffc30c90fa28ffd6fe5bc7db6881cbe2\">\n\t\t\t\t<h-captcha\n\t\t\tclass=\"h-captcha\"\n\t\t\tdata-sitekey=\"d8d98e6e-f226-468c-b4e4-4932af5cf2aa\"\n\t\t\tdata-theme=\"light\"\n\t\t\tdata-size=\"normal\"\n\t\t\tdata-auto=\"false\"\n\t\t\tdata-ajax=\"false\"\n\t\t\tdata-force=\"false\">\n\t\t<\/h-captcha>\n\t\t<input type=\"hidden\" id=\"hcaptcha_wpforms_nonce\" name=\"hcaptcha_wpforms_nonce\" value=\"190d90b3e9\" \/><input type=\"hidden\" name=\"_wp_http_referer\" value=\"\/en\/wp-json\/wp\/v2\/product\/1569\" \/><\/div><div class=\"wpforms-submit-container\" ><input type=\"hidden\" name=\"wpforms[id]\" value=\"2702\"><input type=\"hidden\" name=\"page_title\" value=\"\"><input type=\"hidden\" name=\"page_url\" value=\"https:\/\/pwdpr.com\/en\/wp-json\/wp\/v2\/product\/1569\"><input type=\"hidden\" name=\"url_referer\" value=\"\"><button type=\"submit\" name=\"wpforms[submit]\" id=\"wpforms-submit-2702\" class=\"wpforms-submit\" data-alt-text=\"Procesando...\" data-submit-text=\"Enviar\" aria-live=\"assertive\" value=\"wpforms-submit\">Send<\/button><\/div><input type=\"hidden\" name=\"trp-form-language\" value=\"en\"\/><\/form><\/div>  <!-- .wpforms-container -->","protected":false},"excerpt":{"rendered":"<p>Reserve your private editor today, and have a relaxed semester.<\/p>","protected":false},"featured_media":2792,"comment_status":"open","ping_status":"closed","template":"","meta":[],"product_brand":[],"product_cat":[58,59],"product_tag":[35,37,160,161,34,158,159],"class_list":{"0":"post-1569","1":"product","2":"type-product","3":"status-publish","4":"has-post-thumbnail","6":"product_cat-estudiante-graduado","7":"product_cat-universitario","8":"product_tag-apa","9":"product_tag-editor","10":"product_tag-format","11":"product_tag-grammar","12":"product_tag-mla","13":"product_tag-proofreading","14":"product_tag-style","16":"first","17":"instock","18":"featured","19":"shipping-taxable","20":"purchasable","21":"product-type-simple"},"yoast_head":"<!-- This site is optimized with the Yoast SEO plugin v26.6 - https:\/\/yoast.com\/wordpress\/plugins\/seo\/ -->\n<title>Paquete Semestral de Edici\u00f3n VIP - Professional Writing and Development<\/title>\n<meta name=\"description\" content=\"Reserva tu editor de gram\u00e1tica en ingl\u00e9s y estilo MLA y APA para que el semestre acad\u00e9mico fluya. Un solo pago y separas edici\u00f3n en 24 horas.\" \/>\n<meta name=\"robots\" content=\"index, follow, max-snippet:-1, max-image-preview:large, max-video-preview:-1\" \/>\n<link rel=\"canonical\" href=\"https:\/\/pwdpr.com\/en\/product\/vip-editing-bundle\/\" \/>\n<meta property=\"og:locale\" content=\"en_US\" \/>\n<meta property=\"og:type\" content=\"article\" \/>\n<meta property=\"og:title\" content=\"Paquete Semestral de Edici\u00f3n VIP - Professional Writing and Development\" \/>\n<meta property=\"og:description\" content=\"Reserva tu editor de gram\u00e1tica en ingl\u00e9s y estilo MLA y APA para que el semestre acad\u00e9mico fluya. Un solo pago y separas edici\u00f3n en 24 horas.\" \/>\n<meta property=\"og:url\" content=\"https:\/\/pwdpr.com\/en\/product\/vip-editing-bundle\/\" \/>\n<meta property=\"og:site_name\" content=\"Professional Writing and Development\" \/>\n<meta property=\"article:publisher\" content=\"https:\/\/www.facebook.com\/drzairarvelo\" \/>\n<meta property=\"article:modified_time\" content=\"2024-04-21T13:52:49+00:00\" \/>\n<meta property=\"og:image\" content=\"https:\/\/pwdpr.com\/wp-content\/uploads\/2019\/08\/VIP-Editing-Bundle-DrZairaArvelo-1024x1024.png\" \/>\n\t<meta property=\"og:image:width\" content=\"1024\" \/>\n\t<meta property=\"og:image:height\" content=\"1024\" \/>\n\t<meta property=\"og:image:type\" content=\"image\/png\" \/>\n<meta name=\"twitter:card\" content=\"summary_large_image\" \/>\n<meta name=\"twitter:site\" content=\"@drzairarvelo\" \/>\n<meta name=\"twitter:label1\" content=\"Est. reading time\" \/>\n\t<meta name=\"twitter:data1\" content=\"3 minutes\" \/>\n<script type=\"application\/ld+json\" class=\"yoast-schema-graph\">{\"@context\":\"https:\/\/schema.org\",\"@graph\":[{\"@type\":\"WebPage\",\"@id\":\"https:\/\/pwdpr.com\/product\/vip-editing-bundle\",\"url\":\"https:\/\/pwdpr.com\/product\/vip-editing-bundle\",\"name\":\"Paquete Semestral de Edici\u00f3n VIP - Professional Writing and Development\",\"isPartOf\":{\"@id\":\"https:\/\/pwdpr.com\/en\/#website\"},\"primaryImageOfPage\":{\"@id\":\"https:\/\/pwdpr.com\/product\/vip-editing-bundle#primaryimage\"},\"image\":{\"@id\":\"https:\/\/pwdpr.com\/product\/vip-editing-bundle#primaryimage\"},\"thumbnailUrl\":\"https:\/\/pwdpr.com\/wp-content\/uploads\/2019\/08\/VIP-Editing-Bundle-DrZairaArvelo.png\",\"datePublished\":\"2019-08-09T18:26:26+00:00\",\"dateModified\":\"2024-04-21T13:52:49+00:00\",\"description\":\"Reserva tu editor de gram\u00e1tica en ingl\u00e9s y estilo MLA y APA para que el semestre acad\u00e9mico fluya. Un solo pago y separas edici\u00f3n en 24 horas.\",\"breadcrumb\":{\"@id\":\"https:\/\/pwdpr.com\/product\/vip-editing-bundle#breadcrumb\"},\"inLanguage\":\"en-US\",\"potentialAction\":[{\"@type\":\"ReadAction\",\"target\":[\"https:\/\/pwdpr.com\/product\/vip-editing-bundle\"]}]},{\"@type\":\"ImageObject\",\"inLanguage\":\"en-US\",\"@id\":\"https:\/\/pwdpr.com\/product\/vip-editing-bundle#primaryimage\",\"url\":\"https:\/\/pwdpr.com\/wp-content\/uploads\/2019\/08\/VIP-Editing-Bundle-DrZairaArvelo.png\",\"contentUrl\":\"https:\/\/pwdpr.com\/wp-content\/uploads\/2019\/08\/VIP-Editing-Bundle-DrZairaArvelo.png\",\"width\":4000,\"height\":4000},{\"@type\":\"BreadcrumbList\",\"@id\":\"https:\/\/pwdpr.com\/product\/vip-editing-bundle#breadcrumb\",\"itemListElement\":[{\"@type\":\"ListItem\",\"position\":1,\"name\":\"Home\",\"item\":\"https:\/\/pwdpr.com\/\"},{\"@type\":\"ListItem\",\"position\":2,\"name\":\"Tienda\",\"item\":\"https:\/\/pwdpr.com\/en\/shop\"},{\"@type\":\"ListItem\",\"position\":3,\"name\":\"Paquete Semestral de Edici\u00f3n VIP\"}]},{\"@type\":\"WebSite\",\"@id\":\"https:\/\/pwdpr.com\/en\/#website\",\"url\":\"https:\/\/pwdpr.com\/en\/\",\"name\":\"Professional Writing & Development\",\"description\":\"\",\"publisher\":{\"@id\":\"https:\/\/pwdpr.com\/en\/#organization\"},\"potentialAction\":[{\"@type\":\"SearchAction\",\"target\":{\"@type\":\"EntryPoint\",\"urlTemplate\":\"https:\/\/pwdpr.com\/en\/?s={search_term_string}\"},\"query-input\":{\"@type\":\"PropertyValueSpecification\",\"valueRequired\":true,\"valueName\":\"search_term_string\"}}],\"inLanguage\":\"en-US\"},{\"@type\":\"Organization\",\"@id\":\"https:\/\/pwdpr.com\/en\/#organization\",\"name\":\"Professional Writing and Development\",\"url\":\"https:\/\/pwdpr.com\/en\/\",\"logo\":{\"@type\":\"ImageObject\",\"inLanguage\":\"en-US\",\"@id\":\"https:\/\/pwdpr.com\/en\/#\/schema\/logo\/image\/\",\"url\":\"https:\/\/pwdpr.com\/wp-content\/uploads\/2020\/03\/Muestra-Puente-Narranjito-2-Complete.png\",\"contentUrl\":\"https:\/\/pwdpr.com\/wp-content\/uploads\/2020\/03\/Muestra-Puente-Narranjito-2-Complete.png\",\"width\":709,\"height\":539,\"caption\":\"Professional Writing and Development\"},\"image\":{\"@id\":\"https:\/\/pwdpr.com\/en\/#\/schema\/logo\/image\/\"},\"sameAs\":[\"https:\/\/www.facebook.com\/drzairarvelo\",\"https:\/\/x.com\/drzairarvelo\",\"https:\/\/www.instagram.com\/pwdpr\",\"https:\/\/www.linkedin.com\/in\/zairaarvelo\/\",\"https:\/\/www.youtube.com\/pwdpr\"]}]}<\/script>\n<!-- \/ Yoast SEO plugin. -->","yoast_head_json":{"title":"Paquete Semestral de Edici\u00f3n VIP - Professional Writing and Development","description":"Reserva tu editor de gram\u00e1tica en ingl\u00e9s y estilo MLA y APA para que el semestre acad\u00e9mico fluya. Un solo pago y separas edici\u00f3n en 24 horas.","robots":{"index":"index","follow":"follow","max-snippet":"max-snippet:-1","max-image-preview":"max-image-preview:large","max-video-preview":"max-video-preview:-1"},"canonical":"https:\/\/pwdpr.com\/en\/product\/vip-editing-bundle\/","og_locale":"en_US","og_type":"article","og_title":"Paquete Semestral de Edici\u00f3n VIP - Professional Writing and Development","og_description":"Reserva tu editor de gram\u00e1tica en ingl\u00e9s y estilo MLA y APA para que el semestre acad\u00e9mico fluya. Un solo pago y separas edici\u00f3n en 24 horas.","og_url":"https:\/\/pwdpr.com\/en\/product\/vip-editing-bundle\/","og_site_name":"Professional Writing and Development","article_publisher":"https:\/\/www.facebook.com\/drzairarvelo","article_modified_time":"2024-04-21T13:52:49+00:00","og_image":[{"width":1024,"height":1024,"url":"https:\/\/pwdpr.com\/wp-content\/uploads\/2019\/08\/VIP-Editing-Bundle-DrZairaArvelo-1024x1024.png","type":"image\/png"}],"twitter_card":"summary_large_image","twitter_site":"@drzairarvelo","twitter_misc":{"Est. reading time":"3 minutes"},"schema":{"@context":"https:\/\/schema.org","@graph":[{"@type":"WebPage","@id":"https:\/\/pwdpr.com\/product\/vip-editing-bundle","url":"https:\/\/pwdpr.com\/product\/vip-editing-bundle","name":"Paquete Semestral de Edici\u00f3n VIP - Professional Writing and Development","isPartOf":{"@id":"https:\/\/pwdpr.com\/en\/#website"},"primaryImageOfPage":{"@id":"https:\/\/pwdpr.com\/product\/vip-editing-bundle#primaryimage"},"image":{"@id":"https:\/\/pwdpr.com\/product\/vip-editing-bundle#primaryimage"},"thumbnailUrl":"https:\/\/pwdpr.com\/wp-content\/uploads\/2019\/08\/VIP-Editing-Bundle-DrZairaArvelo.png","datePublished":"2019-08-09T18:26:26+00:00","dateModified":"2024-04-21T13:52:49+00:00","description":"Reserva tu editor de gram\u00e1tica en ingl\u00e9s y estilo MLA y APA para que el semestre acad\u00e9mico fluya. Un solo pago y separas edici\u00f3n en 24 horas.","breadcrumb":{"@id":"https:\/\/pwdpr.com\/product\/vip-editing-bundle#breadcrumb"},"inLanguage":"en-US","potentialAction":[{"@type":"ReadAction","target":["https:\/\/pwdpr.com\/product\/vip-editing-bundle"]}]},{"@type":"ImageObject","inLanguage":"en-US","@id":"https:\/\/pwdpr.com\/product\/vip-editing-bundle#primaryimage","url":"https:\/\/pwdpr.com\/wp-content\/uploads\/2019\/08\/VIP-Editing-Bundle-DrZairaArvelo.png","contentUrl":"https:\/\/pwdpr.com\/wp-content\/uploads\/2019\/08\/VIP-Editing-Bundle-DrZairaArvelo.png","width":4000,"height":4000},{"@type":"BreadcrumbList","@id":"https:\/\/pwdpr.com\/product\/vip-editing-bundle#breadcrumb","itemListElement":[{"@type":"ListItem","position":1,"name":"Home","item":"https:\/\/pwdpr.com\/"},{"@type":"ListItem","position":2,"name":"Tienda","item":"https:\/\/pwdpr.com\/en\/shop"},{"@type":"ListItem","position":3,"name":"Paquete Semestral de Edici\u00f3n VIP"}]},{"@type":"WebSite","@id":"https:\/\/pwdpr.com\/en\/#website","url":"https:\/\/pwdpr.com\/en\/","name":"Professional Writing & Development","description":"","publisher":{"@id":"https:\/\/pwdpr.com\/en\/#organization"},"potentialAction":[{"@type":"SearchAction","target":{"@type":"EntryPoint","urlTemplate":"https:\/\/pwdpr.com\/en\/?s={search_term_string}"},"query-input":{"@type":"PropertyValueSpecification","valueRequired":true,"valueName":"search_term_string"}}],"inLanguage":"en-US"},{"@type":"Organization","@id":"https:\/\/pwdpr.com\/en\/#organization","name":"Professional Writing and Development","url":"https:\/\/pwdpr.com\/en\/","logo":{"@type":"ImageObject","inLanguage":"en-US","@id":"https:\/\/pwdpr.com\/en\/#\/schema\/logo\/image\/","url":"https:\/\/pwdpr.com\/wp-content\/uploads\/2020\/03\/Muestra-Puente-Narranjito-2-Complete.png","contentUrl":"https:\/\/pwdpr.com\/wp-content\/uploads\/2020\/03\/Muestra-Puente-Narranjito-2-Complete.png","width":709,"height":539,"caption":"Professional Writing and Development"},"image":{"@id":"https:\/\/pwdpr.com\/en\/#\/schema\/logo\/image\/"},"sameAs":["https:\/\/www.facebook.com\/drzairarvelo","https:\/\/x.com\/drzairarvelo","https:\/\/www.instagram.com\/pwdpr","https:\/\/www.linkedin.com\/in\/zairaarvelo\/","https:\/\/www.youtube.com\/pwdpr"]}]}},"_links":{"self":[{"href":"https:\/\/pwdpr.com\/en\/wp-json\/wp\/v2\/product\/1569","targetHints":{"allow":["GET"]}}],"collection":[{"href":"https:\/\/pwdpr.com\/en\/wp-json\/wp\/v2\/product"}],"about":[{"href":"https:\/\/pwdpr.com\/en\/wp-json\/wp\/v2\/types\/product"}],"replies":[{"embeddable":true,"href":"https:\/\/pwdpr.com\/en\/wp-json\/wp\/v2\/comments?post=1569"}],"wp:featuredmedia":[{"embeddable":true,"href":"https:\/\/pwdpr.com\/en\/wp-json\/wp\/v2\/media\/2792"}],"wp:attachment":[{"href":"https:\/\/pwdpr.com\/en\/wp-json\/wp\/v2\/media?parent=1569"}],"wp:term":[{"taxonomy":"product_brand","embeddable":true,"href":"https:\/\/pwdpr.com\/en\/wp-json\/wp\/v2\/product_brand?post=1569"},{"taxonomy":"product_cat","embeddable":true,"href":"https:\/\/pwdpr.com\/en\/wp-json\/wp\/v2\/product_cat?post=1569"},{"taxonomy":"product_tag","embeddable":true,"href":"https:\/\/pwdpr.com\/en\/wp-json\/wp\/v2\/product_tag?post=1569"}],"curies":[{"name":"wp","href":"https:\/\/api.w.org\/{rel}","templated":true}]}}