{"id":1898,"date":"2019-12-28T21:52:22","date_gmt":"2019-12-29T01:52:22","guid":{"rendered":"https:\/\/pwdpr.com\/?page_id=1898"},"modified":"2020-03-15T16:51:51","modified_gmt":"2020-03-15T20:51:51","slug":"instrucciones","status":"publish","type":"page","link":"http:\/\/pwdpr.com\/en\/instrucciones","title":{"rendered":"Bienvenido al curso"},"content":{"rendered":"<div data-elementor-type=\"wp-page\" data-elementor-id=\"1898\" class=\"elementor elementor-1898\">\n\t\t\t\t\t\t<section class=\"elementor-section elementor-top-section elementor-element elementor-element-49f6bf39 elementor-section-boxed elementor-section-height-default elementor-section-height-default\" data-id=\"49f6bf39\" data-element_type=\"section\">\n\t\t\t\t\t\t<div class=\"elementor-container elementor-column-gap-default\">\n\t\t\t\t\t<div class=\"elementor-column elementor-col-100 elementor-top-column elementor-element elementor-element-7fb30d87\" data-id=\"7fb30d87\" data-element_type=\"column\">\n\t\t\t<div class=\"elementor-widget-wrap\">\n\t\t\t\t\t\t\t<\/div>\n\t\t<\/div>\n\t\t\t\t\t<\/div>\n\t\t<\/section>\n\t\t\t\t<section class=\"elementor-section elementor-top-section elementor-element elementor-element-74c0be58 elementor-section-content-middle elementor-section-boxed elementor-section-height-default elementor-section-height-default\" data-id=\"74c0be58\" data-element_type=\"section\" data-settings=\"{&quot;background_background&quot;:&quot;classic&quot;}\">\n\t\t\t\t\t\t<div class=\"elementor-container elementor-column-gap-no\">\n\t\t\t\t\t<div class=\"elementor-column elementor-col-100 elementor-top-column elementor-element elementor-element-5c6cb64e\" data-id=\"5c6cb64e\" data-element_type=\"column\">\n\t\t\t<div class=\"elementor-widget-wrap elementor-element-populated\">\n\t\t\t\t\t\t<div class=\"elementor-element elementor-element-7282ffd0 elementor-widget elementor-widget-heading\" data-id=\"7282ffd0\" data-element_type=\"widget\" data-widget_type=\"heading.default\">\n\t\t\t\t<div class=\"elementor-widget-container\">\n\t\t\t\t\t<h3 class=\"elementor-heading-title elementor-size-default\">You have decided to invest in educating yourself!<\/h3>\t\t\t\t<\/div>\n\t\t\t\t<\/div>\n\t\t\t\t<div class=\"elementor-element elementor-element-4c476e22 elementor-widget elementor-widget-text-editor\" data-id=\"4c476e22\" data-element_type=\"widget\" data-widget_type=\"text-editor.default\">\n\t\t\t\t<div class=\"elementor-widget-container\">\n\t\t\t\t\t\t\t\t\t<p>What are you waiting to start the course?<\/p>\t\t\t\t\t\t\t\t<\/div>\n\t\t\t\t<\/div>\n\t\t\t\t<div class=\"elementor-element elementor-element-7096808 elementor-widget elementor-widget-progress\" data-id=\"7096808\" data-element_type=\"widget\" data-widget_type=\"progress.default\">\n\t\t\t\t<div class=\"elementor-widget-container\">\n\t\t\t\t\t\n\t\t<div class=\"elementor-progress-wrapper\" role=\"progressbar\" aria-valuemin=\"0\" aria-valuemax=\"100\" aria-valuenow=\"95\">\n\t\t\t<div class=\"elementor-progress-bar\" data-max=\"95\">\n\t\t\t\t<span class=\"elementor-progress-text\"><\/span>\n\t\t\t\t\t\t\t\t\t<span class=\"elementor-progress-percentage\">95%<\/span>\n\t\t\t\t\t\t\t<\/div>\n\t\t<\/div>\n\t\t\t\t\t\t<\/div>\n\t\t\t\t<\/div>\n\t\t\t\t\t<\/div>\n\t\t<\/div>\n\t\t\t\t\t<\/div>\n\t\t<\/section>\n\t\t\t\t<section class=\"elementor-section elementor-top-section elementor-element elementor-element-e12de49 elementor-section-content-middle elementor-section-boxed elementor-section-height-default elementor-section-height-default\" data-id=\"e12de49\" data-element_type=\"section\" data-settings=\"{&quot;background_background&quot;:&quot;classic&quot;}\">\n\t\t\t\t\t\t\t<div class=\"elementor-background-overlay\"><\/div>\n\t\t\t\t\t\t\t<div class=\"elementor-container elementor-column-gap-no\">\n\t\t\t\t\t<div class=\"elementor-column elementor-col-100 elementor-top-column elementor-element elementor-element-936765a\" data-id=\"936765a\" data-element_type=\"column\">\n\t\t\t<div class=\"elementor-widget-wrap elementor-element-populated\">\n\t\t\t\t\t\t<div class=\"elementor-element elementor-element-a4f92da elementor-widget elementor-widget-heading\" data-id=\"a4f92da\" data-element_type=\"widget\" data-widget_type=\"heading.default\">\n\t\t\t\t<div class=\"elementor-widget-container\">\n\t\t\t\t\t<h3 class=\"elementor-heading-title elementor-size-default\">Access the course<\/h3>\t\t\t\t<\/div>\n\t\t\t\t<\/div>\n\t\t\t\t<div class=\"elementor-element elementor-element-483964d elementor-align-center elementor-widget elementor-widget-button\" data-id=\"483964d\" data-element_type=\"widget\" data-widget_type=\"button.default\">\n\t\t\t\t<div class=\"elementor-widget-container\">\n\t\t\t\t\t\t\t\t\t<div class=\"elementor-button-wrapper\">\n\t\t\t\t\t<a class=\"elementor-button elementor-button-link elementor-size-md\" href=\"http:\/\/premium.pwdpr.com\/\">\n\t\t\t\t\t\t<span class=\"elementor-button-content-wrapper\">\n\t\t\t\t\t\t\t\t\t<span class=\"elementor-button-text\">Here<\/span>\n\t\t\t\t\t<\/span>\n\t\t\t\t\t<\/a>\n\t\t\t\t<\/div>\n\t\t\t\t\t\t\t\t<\/div>\n\t\t\t\t<\/div>\n\t\t\t\t\t<\/div>\n\t\t<\/div>\n\t\t\t\t\t<\/div>\n\t\t<\/section>\n\t\t\t\t<section class=\"elementor-section elementor-top-section elementor-element elementor-element-7fd0f015 elementor-section-content-middle elementor-section-boxed elementor-section-height-default elementor-section-height-default\" data-id=\"7fd0f015\" data-element_type=\"section\" data-settings=\"{&quot;background_background&quot;:&quot;classic&quot;}\">\n\t\t\t\t\t\t<div class=\"elementor-container elementor-column-gap-no\">\n\t\t\t\t\t<div class=\"elementor-column elementor-col-100 elementor-top-column elementor-element elementor-element-76f63935\" data-id=\"76f63935\" data-element_type=\"column\">\n\t\t\t<div class=\"elementor-widget-wrap elementor-element-populated\">\n\t\t\t\t\t\t<div class=\"elementor-element elementor-element-1980e5af elementor-widget elementor-widget-heading\" data-id=\"1980e5af\" data-element_type=\"widget\" data-widget_type=\"heading.default\">\n\t\t\t\t<div class=\"elementor-widget-container\">\n\t\t\t\t\t<h4 class=\"elementor-heading-title elementor-size-default\">Shall you need some extra help<\/h4>\t\t\t\t<\/div>\n\t\t\t\t<\/div>\n\t\t\t\t<div class=\"elementor-element elementor-element-12586b70 elementor-widget elementor-widget-text-editor\" data-id=\"12586b70\" data-element_type=\"widget\" data-widget_type=\"text-editor.default\">\n\t\t\t\t<div class=\"elementor-widget-container\">\n\t\t\t\t\t\t\t\t\t<p>Don't forget to follow the guide<\/p>\t\t\t\t\t\t\t\t<\/div>\n\t\t\t\t<\/div>\n\t\t\t\t<div class=\"elementor-element elementor-element-76947f0f elementor-align-center elementor-widget elementor-widget-button\" data-id=\"76947f0f\" data-element_type=\"widget\" data-widget_type=\"button.default\">\n\t\t\t\t<div class=\"elementor-widget-container\">\n\t\t\t\t\t\t\t\t\t<div class=\"elementor-button-wrapper\">\n\t\t\t\t\t<a class=\"elementor-button elementor-button-link elementor-size-md elementor-animation-grow\" href=\"https:\/\/pwdpr.com\/wp-content\/uploads\/2019\/12\/Gu%C3%ADa-Bienvenido-al-PWD-Academy.pdf\" target=\"_blank\">\n\t\t\t\t\t\t<span class=\"elementor-button-content-wrapper\">\n\t\t\t\t\t\t\t\t\t<span class=\"elementor-button-text\">Download the guide<\/span>\n\t\t\t\t\t<\/span>\n\t\t\t\t\t<\/a>\n\t\t\t\t<\/div>\n\t\t\t\t\t\t\t\t<\/div>\n\t\t\t\t<\/div>\n\t\t\t\t\t<\/div>\n\t\t<\/div>\n\t\t\t\t\t<\/div>\n\t\t<\/section>\n\t\t\t\t<\/div>","protected":false},"excerpt":{"rendered":"<p>\u00a1ESO Invertiste en tu educaci\u00f3n! \u00bfqu\u00e9 esperas para comenzar el curso? 95% Accede al curso AQUI Si necesitas una ayudita extra No olvides seguir la gu\u00eda Baja la gu\u00eda<\/p>","protected":false},"author":2,"featured_media":2125,"parent":0,"menu_order":0,"comment_status":"closed","ping_status":"closed","template":"elementor_header_footer","meta":{"footnotes":""},"class_list":["post-1898","page","type-page","status-publish","has-post-thumbnail","hentry"],"yoast_head":"<!-- This site is optimized with the Yoast SEO plugin v26.6 - https:\/\/yoast.com\/wordpress\/plugins\/seo\/ -->\n<title>Bienvenido al curso - Professional Writing and Development<\/title>\n<meta name=\"description\" content=\"Instrucciones para acceder curso Destino Grad School. Link a la plataforma del curso Destino Grad School y gu\u00eda paso a paso para acceder al material.\" \/>\n<meta name=\"robots\" content=\"index, follow, max-snippet:-1, max-image-preview:large, max-video-preview:-1\" \/>\n<link rel=\"canonical\" href=\"https:\/\/pwdpr.com\/en\/instrucciones\/\" \/>\n<meta property=\"og:locale\" content=\"en_US\" \/>\n<meta property=\"og:type\" content=\"article\" \/>\n<meta property=\"og:title\" content=\"Bienvenido al curso - Professional Writing and Development\" \/>\n<meta property=\"og:description\" content=\"Instrucciones para acceder curso Destino Grad School. Link a la plataforma del curso Destino Grad School y gu\u00eda paso a paso para acceder al material.\" \/>\n<meta property=\"og:url\" content=\"https:\/\/pwdpr.com\/en\/instrucciones\/\" \/>\n<meta property=\"og:site_name\" content=\"Professional Writing and Development\" \/>\n<meta property=\"article:publisher\" content=\"https:\/\/www.facebook.com\/drzairarvelo\" \/>\n<meta property=\"article:modified_time\" content=\"2020-03-15T20:51:51+00:00\" \/>\n<meta property=\"og:image\" content=\"https:\/\/pwdpr.com\/wp-content\/uploads\/2020\/03\/Screenshot-2020-03-05-at-5.05.13-PM.png\" \/>\n\t<meta property=\"og:image:width\" content=\"682\" \/>\n\t<meta property=\"og:image:height\" content=\"271\" \/>\n\t<meta property=\"og:image:type\" content=\"image\/png\" \/>\n<meta name=\"twitter:card\" content=\"summary_large_image\" \/>\n<meta name=\"twitter:site\" content=\"@drzairarvelo\" \/>\n<script type=\"application\/ld+json\" class=\"yoast-schema-graph\">{\"@context\":\"https:\/\/schema.org\",\"@graph\":[{\"@type\":\"WebPage\",\"@id\":\"https:\/\/pwdpr.com\/instrucciones\",\"url\":\"https:\/\/pwdpr.com\/instrucciones\",\"name\":\"Bienvenido al curso - Professional Writing and Development\",\"isPartOf\":{\"@id\":\"https:\/\/pwdpr.com\/en\/#website\"},\"primaryImageOfPage\":{\"@id\":\"https:\/\/pwdpr.com\/instrucciones#primaryimage\"},\"image\":{\"@id\":\"https:\/\/pwdpr.com\/instrucciones#primaryimage\"},\"thumbnailUrl\":\"https:\/\/pwdpr.com\/wp-content\/uploads\/2020\/03\/Screenshot-2020-03-05-at-5.05.13-PM.png\",\"datePublished\":\"2019-12-29T01:52:22+00:00\",\"dateModified\":\"2020-03-15T20:51:51+00:00\",\"description\":\"Instrucciones para acceder curso Destino Grad School. Link a la plataforma del curso Destino Grad School y gu\u00eda paso a paso para acceder al material.\",\"breadcrumb\":{\"@id\":\"https:\/\/pwdpr.com\/instrucciones#breadcrumb\"},\"inLanguage\":\"en-US\",\"potentialAction\":[{\"@type\":\"ReadAction\",\"target\":[\"https:\/\/pwdpr.com\/instrucciones\"]}]},{\"@type\":\"ImageObject\",\"inLanguage\":\"en-US\",\"@id\":\"https:\/\/pwdpr.com\/instrucciones#primaryimage\",\"url\":\"https:\/\/pwdpr.com\/wp-content\/uploads\/2020\/03\/Screenshot-2020-03-05-at-5.05.13-PM.png\",\"contentUrl\":\"https:\/\/pwdpr.com\/wp-content\/uploads\/2020\/03\/Screenshot-2020-03-05-at-5.05.13-PM.png\",\"width\":682,\"height\":271,\"caption\":\"instrucciones acceso curso Destino Grad School\"},{\"@type\":\"BreadcrumbList\",\"@id\":\"https:\/\/pwdpr.com\/instrucciones#breadcrumb\",\"itemListElement\":[{\"@type\":\"ListItem\",\"position\":1,\"name\":\"Home\",\"item\":\"https:\/\/pwdpr.com\/\"},{\"@type\":\"ListItem\",\"position\":2,\"name\":\"Bienvenido al curso\"}]},{\"@type\":\"WebSite\",\"@id\":\"https:\/\/pwdpr.com\/en\/#website\",\"url\":\"https:\/\/pwdpr.com\/en\/\",\"name\":\"Professional Writing & Development\",\"description\":\"\",\"publisher\":{\"@id\":\"https:\/\/pwdpr.com\/en\/#organization\"},\"potentialAction\":[{\"@type\":\"SearchAction\",\"target\":{\"@type\":\"EntryPoint\",\"urlTemplate\":\"https:\/\/pwdpr.com\/en\/?s={search_term_string}\"},\"query-input\":{\"@type\":\"PropertyValueSpecification\",\"valueRequired\":true,\"valueName\":\"search_term_string\"}}],\"inLanguage\":\"en-US\"},{\"@type\":\"Organization\",\"@id\":\"https:\/\/pwdpr.com\/en\/#organization\",\"name\":\"Professional Writing and Development\",\"url\":\"https:\/\/pwdpr.com\/en\/\",\"logo\":{\"@type\":\"ImageObject\",\"inLanguage\":\"en-US\",\"@id\":\"https:\/\/pwdpr.com\/en\/#\/schema\/logo\/image\/\",\"url\":\"https:\/\/pwdpr.com\/wp-content\/uploads\/2020\/03\/Muestra-Puente-Narranjito-2-Complete.png\",\"contentUrl\":\"https:\/\/pwdpr.com\/wp-content\/uploads\/2020\/03\/Muestra-Puente-Narranjito-2-Complete.png\",\"width\":709,\"height\":539,\"caption\":\"Professional Writing and Development\"},\"image\":{\"@id\":\"https:\/\/pwdpr.com\/en\/#\/schema\/logo\/image\/\"},\"sameAs\":[\"https:\/\/www.facebook.com\/drzairarvelo\",\"https:\/\/x.com\/drzairarvelo\",\"https:\/\/www.instagram.com\/pwdpr\",\"https:\/\/www.linkedin.com\/in\/zairaarvelo\/\",\"https:\/\/www.youtube.com\/pwdpr\"]}]}<\/script>\n<!-- \/ Yoast SEO plugin. -->","yoast_head_json":{"title":"Bienvenido al curso - Professional Writing and Development","description":"Instrucciones para acceder curso Destino Grad School. Link a la plataforma del curso Destino Grad School y gu\u00eda paso a paso para acceder al material.","robots":{"index":"index","follow":"follow","max-snippet":"max-snippet:-1","max-image-preview":"max-image-preview:large","max-video-preview":"max-video-preview:-1"},"canonical":"https:\/\/pwdpr.com\/en\/instrucciones\/","og_locale":"en_US","og_type":"article","og_title":"Bienvenido al curso - Professional Writing and Development","og_description":"Instrucciones para acceder curso Destino Grad School. Link a la plataforma del curso Destino Grad School y gu\u00eda paso a paso para acceder al material.","og_url":"https:\/\/pwdpr.com\/en\/instrucciones\/","og_site_name":"Professional Writing and Development","article_publisher":"https:\/\/www.facebook.com\/drzairarvelo","article_modified_time":"2020-03-15T20:51:51+00:00","og_image":[{"width":682,"height":271,"url":"https:\/\/pwdpr.com\/wp-content\/uploads\/2020\/03\/Screenshot-2020-03-05-at-5.05.13-PM.png","type":"image\/png"}],"twitter_card":"summary_large_image","twitter_site":"@drzairarvelo","schema":{"@context":"https:\/\/schema.org","@graph":[{"@type":"WebPage","@id":"https:\/\/pwdpr.com\/instrucciones","url":"https:\/\/pwdpr.com\/instrucciones","name":"Bienvenido al curso - Professional Writing and Development","isPartOf":{"@id":"https:\/\/pwdpr.com\/en\/#website"},"primaryImageOfPage":{"@id":"https:\/\/pwdpr.com\/instrucciones#primaryimage"},"image":{"@id":"https:\/\/pwdpr.com\/instrucciones#primaryimage"},"thumbnailUrl":"https:\/\/pwdpr.com\/wp-content\/uploads\/2020\/03\/Screenshot-2020-03-05-at-5.05.13-PM.png","datePublished":"2019-12-29T01:52:22+00:00","dateModified":"2020-03-15T20:51:51+00:00","description":"Instrucciones para acceder curso Destino Grad School. Link a la plataforma del curso Destino Grad School y gu\u00eda paso a paso para acceder al material.","breadcrumb":{"@id":"https:\/\/pwdpr.com\/instrucciones#breadcrumb"},"inLanguage":"en-US","potentialAction":[{"@type":"ReadAction","target":["https:\/\/pwdpr.com\/instrucciones"]}]},{"@type":"ImageObject","inLanguage":"en-US","@id":"https:\/\/pwdpr.com\/instrucciones#primaryimage","url":"https:\/\/pwdpr.com\/wp-content\/uploads\/2020\/03\/Screenshot-2020-03-05-at-5.05.13-PM.png","contentUrl":"https:\/\/pwdpr.com\/wp-content\/uploads\/2020\/03\/Screenshot-2020-03-05-at-5.05.13-PM.png","width":682,"height":271,"caption":"instrucciones acceso curso Destino Grad School"},{"@type":"BreadcrumbList","@id":"https:\/\/pwdpr.com\/instrucciones#breadcrumb","itemListElement":[{"@type":"ListItem","position":1,"name":"Home","item":"https:\/\/pwdpr.com\/"},{"@type":"ListItem","position":2,"name":"Bienvenido al curso"}]},{"@type":"WebSite","@id":"https:\/\/pwdpr.com\/en\/#website","url":"https:\/\/pwdpr.com\/en\/","name":"Professional Writing & Development","description":"","publisher":{"@id":"https:\/\/pwdpr.com\/en\/#organization"},"potentialAction":[{"@type":"SearchAction","target":{"@type":"EntryPoint","urlTemplate":"https:\/\/pwdpr.com\/en\/?s={search_term_string}"},"query-input":{"@type":"PropertyValueSpecification","valueRequired":true,"valueName":"search_term_string"}}],"inLanguage":"en-US"},{"@type":"Organization","@id":"https:\/\/pwdpr.com\/en\/#organization","name":"Professional Writing and Development","url":"https:\/\/pwdpr.com\/en\/","logo":{"@type":"ImageObject","inLanguage":"en-US","@id":"https:\/\/pwdpr.com\/en\/#\/schema\/logo\/image\/","url":"https:\/\/pwdpr.com\/wp-content\/uploads\/2020\/03\/Muestra-Puente-Narranjito-2-Complete.png","contentUrl":"https:\/\/pwdpr.com\/wp-content\/uploads\/2020\/03\/Muestra-Puente-Narranjito-2-Complete.png","width":709,"height":539,"caption":"Professional Writing and Development"},"image":{"@id":"https:\/\/pwdpr.com\/en\/#\/schema\/logo\/image\/"},"sameAs":["https:\/\/www.facebook.com\/drzairarvelo","https:\/\/x.com\/drzairarvelo","https:\/\/www.instagram.com\/pwdpr","https:\/\/www.linkedin.com\/in\/zairaarvelo\/","https:\/\/www.youtube.com\/pwdpr"]}]}},"_links":{"self":[{"href":"http:\/\/pwdpr.com\/en\/wp-json\/wp\/v2\/pages\/1898","targetHints":{"allow":["GET"]}}],"collection":[{"href":"http:\/\/pwdpr.com\/en\/wp-json\/wp\/v2\/pages"}],"about":[{"href":"http:\/\/pwdpr.com\/en\/wp-json\/wp\/v2\/types\/page"}],"author":[{"embeddable":true,"href":"http:\/\/pwdpr.com\/en\/wp-json\/wp\/v2\/users\/2"}],"replies":[{"embeddable":true,"href":"http:\/\/pwdpr.com\/en\/wp-json\/wp\/v2\/comments?post=1898"}],"version-history":[{"count":25,"href":"http:\/\/pwdpr.com\/en\/wp-json\/wp\/v2\/pages\/1898\/revisions"}],"predecessor-version":[{"id":2127,"href":"http:\/\/pwdpr.com\/en\/wp-json\/wp\/v2\/pages\/1898\/revisions\/2127"}],"wp:featuredmedia":[{"embeddable":true,"href":"http:\/\/pwdpr.com\/en\/wp-json\/wp\/v2\/media\/2125"}],"wp:attachment":[{"href":"http:\/\/pwdpr.com\/en\/wp-json\/wp\/v2\/media?parent=1898"}],"curies":[{"name":"wp","href":"https:\/\/api.w.org\/{rel}","templated":true}]}}